{"id":565866,"date":"2026-03-05T23:14:02","date_gmt":"2026-03-06T07:14:02","guid":{"rendered":"https:\/\/modopew.com\/de\/products\/foundry-eleven-polohemd-sportinspiriertes-poloshirt-hvn1518fa\/"},"modified":"2026-03-16T02:07:54","modified_gmt":"2026-03-16T10:07:54","slug":"foundry-eleven-polohemd-sportinspiriertes-poloshirt-hvn1518fa","status":"publish","type":"product","link":"https:\/\/modopew.com\/de\/products\/foundry-eleven-polohemd-sportinspiriertes-poloshirt-hvn1518fa\/","title":{"rendered":"Foundry Eleven Polohemd, Sportinspiriertes Poloshirt HVN1518FA"},"content":{"rendered":"<p><strong>Sport-Lifestyle Poloshirt \u2013 Atmungsaktiv, modern &#038; ideal f\u00fcr jeden Tag<\/strong><\/p>\n<ul>\nDieses Herren-Golf-Poloshirt mit Print bietet zus\u00e4tzlichen Schutz an sonnigen Tagen. Das Shirt verf\u00fcgt \u00fcber einen gestrickten Kragen und angen\u00e4hte, einfarbige B\u00fcndchen. Der atmungsaktive Stoff ist schnelltrocknend und pflegeleicht.<\/p>\n<p><strong>GEWICHT: <\/strong><span class=\"metafield-multi_line_text_field\">Extrem atmungsaktives Stretchgewebe, weich und komfortabel, gestrickter Kragen, angen\u00e4hte einfarbige B\u00fcndchen<\/span><\/p>\n<p><strong>Produkt: <\/strong>Ein unverzichtbares Kleidungsst\u00fcck f\u00fcr einen eleganten und professionellen Look. Ein Poloshirt ist die perfekte Wahl f\u00fcr Gesch\u00e4ftsreisen, formelle Verabredungen und vieles mehr. Das individuell bedruckte Allover-Poloshirt mit Logo (z. B. Firmenlogo usw.) zieht sofort alle Blicke auf sich.<\/p>\n<p><strong>PASSFORM: <\/strong>Regular<\/p>\n<h3><strong>Normale Ausf\u00fchrung:<\/strong><\/h3>\n<ul>\n<li><strong>MULTIFUNKTIONAL:<\/strong>Dieses Oberteil h\u00e4lt Sie komfortabel, egal wie hei\u00df das Wetter wird. Tragen Sie es bei der Gartenarbeit, beim Golfspielen oder einfach in der Freizeit.<\/li>\n<li><strong>MATERIALIEN:<\/strong>Dieses Poloshirt besteht aus Piqu\u00e9-Strickstoff (95 % Polyester + 5 % Spandex) &#8211; atmungsaktiv, feuchtigkeitsableitend, knitterarm und mit 4-Wege-Stretch.<\/li>\n<li><strong>EINZIGARTIGES DESIGN: <\/strong>Es gibt zahlreiche Designs &#8211; Sie finden garantiert eines, das Ihnen gef\u00e4llt! Werfen Sie einen Blick auf unsere Kollektion und w\u00e4hlen Sie das passende Modell. Sie k\u00f6nnen Ihr Poloshirt sogar mit Bildern und Namen von Ihnen und Ihren Liebsten personalisieren.<\/li>\n<li><strong>PFLEGELEICHT: <\/strong>Maschinenw\u00e4sche kalt mit \u00e4hnlichen Farben \/ kein Bleichmittel \/ bei niedriger Temperatur b\u00fcgeln<\/li>\n<\/ul>\n","protected":false},"excerpt":{"rendered":"<p>Sport-Lifestyle Poloshirt \u2013 Atmungsaktiv, modern &#038; ideal f\u00fcr jeden Tag Dieses Herren-Golf-Poloshirt mit Print bietet zus\u00e4tzlichen Schutz an sonnigen Tagen. Das Shirt verf\u00fcgt \u00fcber einen gestrickten Kragen und angen\u00e4hte, einfarbige B\u00fcndchen. Der atmungsaktive Stoff ist schnelltrocknend und pflegeleicht. GEWICHT: Extrem atmungsaktives Stretchgewebe, weich und komfortabel, gestrickter Kragen, angen\u00e4hte einfarbige B\u00fcndchen Produkt: Ein unverzichtbares Kleidungsst\u00fcck f\u00fcr [&#8230;]\n","protected":false},"featured_media":565865,"comment_status":"closed","ping_status":"closed","template":"","meta":[],"product_brand":[],"product_cat":[662],"product_tag":[217],"class_list":{"0":"post-565866","1":"product","2":"type-product","3":"status-publish","4":"has-post-thumbnail","6":"product_cat-polohemd","7":"product_tag-eintracht-frankfurt","8":"wcpa_has_options","10":"first","11":"instock","12":"sale","13":"purchasable","14":"product-type-simple"},"wcpa_form_fields":{"wcpaData":{"product":{"product_price":39.99,"price_html":"<del aria-hidden=\"true\"><span class=\"woocommerce-Price-amount amount\"><bdi><span class=\"woocommerce-Price-currencySymbol\">&#36;<\/span>54.99<\/bdi><\/span><\/del> <span class=\"screen-reader-text\">Urspr\u00fcnglicher Preis war: &#036;54.99<\/span><ins aria-hidden=\"true\"><span class=\"woocommerce-Price-amount amount\"><bdi><span class=\"woocommerce-Price-currencySymbol\">&#36;<\/span>39.99<\/bdi><\/span><\/ins><span class=\"screen-reader-text\">Aktueller Preis ist: &#036;39.99.<\/span>","original_product_price":54.99,"price_including_tax":39.99,"price_excluding_tax":39.99,"product_id":{"parent":565866,"variation":false},"is_variable":false,"stock_status":"instock","stock_quantity":null,"parent_sku":"HVN1518FA030426POS","product_attributes":[],"custom_fields":[],"is_taxable":false,"product_name":"Foundry Eleven Polohemd, Sportinspiriertes Poloshirt HVN1518FA"},"fields":{"sec_7676a4584b1a34":{"extra":{"key":"sec_7676a4584b1a34","section_id":"sec_7676a4584b1a34","name":"Default","status":1,"cl_rule":"show","enableCl":false,"relations":[],"toggle":true,"title_tag":"h3","show_title":false,"showPrice":"default","form_id":416455,"form_rules":{"exclude_from_discount":false,"fee_label":"Fee","disp_hide_options_price":true,"disp_show_section_price":false,"disp_show_field_price":false,"layout_option":"standard","pric_use_as_fee":false,"process_fee_as":"woo_fee"},"layout_option":"standard"},"fields":[[{"active":true,"col":6,"relations":false,"cl_rule":"show","enableCl":false,"price":"","enablePrice":false,"className":"float-position-element","label_position":"default","desc_position":"default","type":"content","required":false,"elementId":"content_0178915811","label":"","name":"content_0178915811","contentType":"rich","value":"<p><a href=\"#lightboxsizechart\" target=\"_self\">Gr\u00f6\u00dfenleitfaden>><\/a>\t<div id=\"lightboxsizechart\"\n\t     class=\"lightbox-by-id lightbox-content mfp-hide lightbox-white \"\n\t     style=\"max-width:800px ;padding:20px\">\n\t\t<img src=\"https:\/\/modopew.com\/de\/wp-content\/uploads\/2018\/07\/dee-polo-size-chart.webp\" width=\"1328\" height=\"982\"\/>\t<\/div>\n\t\n\t<\/p>","error":false,"gt_translate_keys":["label","value"],"price_dependency":false,"cl_dependency":false}],[{"active":true,"col":6,"relations":false,"cl_rule":"show","enableCl":false,"price":"0","enablePrice":true,"className":"","label_position":"default","desc_position":"default","type":"color-group","required":true,"elementId":"color_group_7956854120","label":"Gr\u00f6\u00dfe","name":"color_group_7956854120","disp_type":"squircle","values":[{"label":"S","value":"S","selected":true,"color":"#ffffff","tempId":"aco_550","gt_translate_keys":["label"]},{"label":"M","value":"M","selected":false,"color":"#ffffff","tempId":"aco_551","gt_translate_keys":["label"]},{"label":"L","value":"L","selected":false,"color":"#ffffff","tempId":"aco_552","gt_translate_keys":["label"]},{"label":"XL","value":"XL","selected":false,"color":"#ffffff","tempId":"aco_723","gt_translate_keys":["label"]},{"label":"2XL","value":"2XL","selected":false,"color":"#ffffff","tempId":"aco_734","gt_translate_keys":["label"]},{"label":"3XL","value":"3XL","selected":false,"color":"#ffffff","tempId":"aco_745","gt_translate_keys":["label"]},{"label":"4XL","value":"4XL","selected":false,"color":"#ffffff","tempId":"aco_756","gt_translate_keys":["label"]},{"label":"5XL","value":"5XL","selected":false,"color":"#ffffff","tempId":"aco_767","gt_translate_keys":["label"]},{"label":"6XL","value":"6XL","selected":false,"color":"#ffffff","tempId":"aco_778","gt_translate_keys":["label"]}],"selection_type":"border","error":false,"layOut":"inline","disp_size":{"width":"40","height":"40"},"show_selected_option":true,"show_label_inside":true,"adjust_width":true,"priceOptions":"fixed_for_all","pricingType":"multiply","description":"Bitte beachten Sie die Gr\u00f6\u00dfentabelle, da es sich um einen neuen Produkttyp handelt.","gt_translate_keys":["label","description"],"price_dependency":false,"cl_dependency":false,"value":""}]]}},"config":{"price_override":"","enable_recaptcha":false,"bind_quantity":false,"quantity_bind_formula":false,"disp_summ_show_option_price":false,"disp_summ_show_product_price":false,"disp_summ_show_total_price":true,"disp_summ_show_fee":false,"disp_summ_show_discount":false,"summary_title":"","options_total_label":"","total_label":"","options_product_label":"","fee_label":"Fee","discount_label":"Discount","has_price":true,"has_quantity_formula":false},"mc_unit":1,"tax_rate":1,"tax_rate_real":1,"discount":{"percentage":0,"fixed":0},"design":{"conf":{"LabelPosition":"above","DescPosition":"above","UploadField":"custom_1","QuantityFieldStyle":"default"},"css":{"LeftLabelWidth":"120px"}},"formulas":[],"clones":false,"cartKey":false}},"_links":{"self":[{"href":"https:\/\/modopew.com\/de\/wp-json\/wp\/v2\/product\/565866","targetHints":{"allow":["GET"]}}],"collection":[{"href":"https:\/\/modopew.com\/de\/wp-json\/wp\/v2\/product"}],"about":[{"href":"https:\/\/modopew.com\/de\/wp-json\/wp\/v2\/types\/product"}],"replies":[{"embeddable":true,"href":"https:\/\/modopew.com\/de\/wp-json\/wp\/v2\/comments?post=565866"}],"wp:featuredmedia":[{"embeddable":true,"href":"https:\/\/modopew.com\/de\/wp-json\/wp\/v2\/media\/565865"}],"wp:attachment":[{"href":"https:\/\/modopew.com\/de\/wp-json\/wp\/v2\/media?parent=565866"}],"wp:term":[{"taxonomy":"product_brand","embeddable":true,"href":"https:\/\/modopew.com\/de\/wp-json\/wp\/v2\/product_brand?post=565866"},{"taxonomy":"product_cat","embeddable":true,"href":"https:\/\/modopew.com\/de\/wp-json\/wp\/v2\/product_cat?post=565866"},{"taxonomy":"product_tag","embeddable":true,"href":"https:\/\/modopew.com\/de\/wp-json\/wp\/v2\/product_tag?post=565866"}],"curies":[{"name":"wp","href":"https:\/\/api.w.org\/{rel}","templated":true}]}}