{"id":507006,"date":"2025-11-29T04:57:58","date_gmt":"2025-11-29T12:57:58","guid":{"rendered":"https:\/\/modopew.com\/de\/product\/sportwagen-poloshirt-3d-druck-urbanes-relaxed-fit-polo-car413-1433"},"modified":"2025-11-29T04:57:58","modified_gmt":"2025-11-29T12:57:58","slug":"sportwagen-poloshirt-3d-druck-urbanes-relaxed-fit-polo-car413-1433","status":"publish","type":"product","link":"https:\/\/modopew.com\/de\/products\/sportwagen-poloshirt-3d-druck-urbanes-relaxed-fit-polo-car413-1433\/","title":{"rendered":"Sportwagen Poloshirt 3D-Druck, Urbanes Relaxed-Fit-Polo CAR413"},"content":{"rendered":"<p><strong>Herren Poloshirt mit UV-Schutz 20+<\/strong>Mit einem UV-Schutz von 20+ bietet dieses Poloshirt zus\u00e4tzlichen Schutz an sonnigen Tagen. Es verf\u00fcgt \u00fcber einen gestrickten Kragen und gen\u00e4hte, einfarbige B\u00fcndchen. Der atmungsaktive Stoff ist schnelltrocknend und pflegeleicht.<strong>GEWICHT:<\/strong>         <\/p>\n<li>Extrem atmungsaktiv<\/li>\n<li>Schnelltrocknendes Material<\/li>\n<li>UV-Schutz 20+<\/li>\n<li>Dehnbarer Stoff f\u00fcr optimale Bewegungsfreiheit<\/li>\n<li>Weich und bequem<\/li>\n<li>Gestrickter Kragen<\/li>\n<li>Gen\u00e4hte, einfarbige B\u00fcndchen<\/li>\n<p><strong>Produkt:<\/strong>Dieses Poloshirt ist die ideale Wahl f\u00fcr einen eleganten und professionellen Look. Perfekt f\u00fcr Gesch\u00e4ftsreisen, formelle Anl\u00e4sse und vieles mehr. Das individuell bedruckbare Design (z. B. mit Firmenlogo) zieht sofort alle Blicke auf sich.<\/p>\n<h3><strong>Eigenschaften:<\/strong><\/h3>\n<li><strong>Vielseitig einsetzbar: <\/strong>Perfekt f\u00fcr hei\u00dfe Tage &#8211; ideal beim Golfen, f\u00fcr Gartenarbeit oder einfach zum Entspannen.<\/li>\n<li><strong>Material: <\/strong>Hergestellt aus Piqu\u00e9-Strickstoff (95 % Polyester, 5 % Spandex) &#8211; atmungsaktiv, feuchtigkeitsableitend, knitterfrei und mit 4-Wege-Stretch.<\/li>\n<li><strong>Einzigartiges Design: <\/strong>Erh\u00e4ltlich in zahlreichen Designs &#8211; finde dein perfektes Motiv! Personalisierung mit Bildern oder Namen m\u00f6glich.<\/li>\n<li><strong>Pflegeleicht: <\/strong>Maschinenw\u00e4sche kalt mit \u00e4hnlichen Farben, kein Bleichmittel, niedrige B\u00fcgeltemperatur.<\/li>\n<\/ul>\n","protected":false},"excerpt":{"rendered":"<p>Herren Poloshirt mit UV-Schutz 20+Mit einem UV-Schutz von 20+ bietet dieses Poloshirt zus\u00e4tzlichen Schutz an sonnigen Tagen. Es verf\u00fcgt \u00fcber einen gestrickten Kragen und gen\u00e4hte, einfarbige B\u00fcndchen. Der atmungsaktive Stoff ist schnelltrocknend und pflegeleicht.GEWICHT: Extrem atmungsaktiv Schnelltrocknendes Material UV-Schutz 20+ Dehnbarer Stoff f\u00fcr optimale Bewegungsfreiheit Weich und bequem Gestrickter Kragen Gen\u00e4hte, einfarbige B\u00fcndchen Produkt:Dieses Poloshirt [&#8230;]\n","protected":false},"featured_media":507013,"comment_status":"open","ping_status":"closed","template":"","meta":[],"product_brand":[],"product_cat":[673],"product_tag":[812],"class_list":{"0":"post-507006","1":"product","2":"type-product","3":"status-publish","4":"has-post-thumbnail","6":"product_cat-polohemd-polohemd-individuell","7":"product_tag-alpine","8":"wcpa_has_options","10":"first","11":"instock","12":"sale","13":"taxable","14":"shipping-taxable","15":"purchasable","16":"product-type-simple"},"wcpa_form_fields":{"wcpaData":{"product":{"product_price":39.99,"price_html":"<del aria-hidden=\"true\"><span class=\"woocommerce-Price-amount amount\"><bdi><span class=\"woocommerce-Price-currencySymbol\">&#36;<\/span>52.99<\/bdi><\/span><\/del> <span class=\"screen-reader-text\">Urspr\u00fcnglicher Preis war: &#036;52.99<\/span><ins aria-hidden=\"true\"><span class=\"woocommerce-Price-amount amount\"><bdi><span class=\"woocommerce-Price-currencySymbol\">&#36;<\/span>39.99<\/bdi><\/span><\/ins><span class=\"screen-reader-text\">Aktueller Preis ist: &#036;39.99.<\/span>","original_product_price":52.99,"price_including_tax":39.99,"price_excluding_tax":39.99,"product_id":{"parent":507006,"variation":false},"is_variable":false,"stock_status":"instock","stock_quantity":null,"parent_sku":"CAR41304142503-2","product_attributes":[],"custom_fields":[],"is_taxable":true,"product_name":"Sportwagen Poloshirt 3D-Druck, Urbanes Relaxed-Fit-Polo CAR413"},"fields":{"sec_10676bb269beed5":{"extra":{"key":"sec_10676bb269beed5","section_id":"sec_10676bb269beed5","name":"Default","status":1,"cl_rule":"show","enableCl":false,"relations":[],"toggle":true,"title_tag":"h3","show_title":false,"showPrice":"default","form_id":416466,"form_rules":{"exclude_from_discount":false,"fee_label":"Fee","disp_hide_options_price":true,"disp_show_section_price":false,"disp_show_field_price":false,"layout_option":"standard","pric_use_as_fee":false,"process_fee_as":"woo_fee"},"layout_option":"standard"},"fields":[[{"active":true,"col":6,"relations":false,"cl_rule":"show","enableCl":false,"price":"","enablePrice":false,"className":"float-position-element","label_position":"default","desc_position":"default","type":"content","required":false,"elementId":"content_6676bb269beee2","label":"","name":"content_6676bb269beee2","contentType":"rich","value":"<p><a href=\"#lightboxsizechart\" target=\"_self\">Gr\u00f6\u00dfenleitfaden>><\/a>\t<div id=\"lightboxsizechart\"\n\t     class=\"lightbox-by-id lightbox-content mfp-hide lightbox-white \"\n\t     style=\"max-width:800px ;padding:20px\">\n\t\t<img src=\"https:\/\/modopew.com\/de\/wp-content\/uploads\/2018\/07\/dee-polo-size-chart.webp\" width=\"1328\" height=\"982\"\/>\t<\/div>\n\t\n\t<\/p>","error":false,"gt_translate_keys":["label","value"],"price_dependency":false,"cl_dependency":false}],[{"active":true,"col":6,"relations":false,"cl_rule":"show","enableCl":false,"price":"0","enablePrice":true,"className":"","label_position":"default","desc_position":"default","type":"color-group","required":true,"elementId":"color-group_0676bb269beee6","label":"Gr\u00f6\u00dfe","name":"color-group_0676bb269beee6","disp_type":"squircle","values":[{"label":"S","value":"S","selected":true,"color":"#ffffff","tempId":"aco_13249","gt_translate_keys":["label"]},{"label":"M","value":"M","selected":false,"color":"#ffffff","tempId":"aco_13250","gt_translate_keys":["label"]},{"label":"L","value":"L","selected":false,"color":"#ffffff","tempId":"aco_13251","gt_translate_keys":["label"]},{"label":"XL","value":"XL","selected":false,"color":"#ffffff","tempId":"aco_13982","gt_translate_keys":["label"]},{"label":"2XL","value":"2XL","selected":false,"color":"#ffffff","tempId":"aco_14014","gt_translate_keys":["label"]},{"label":"3XL","value":"3XL","selected":false,"color":"#ffffff","tempId":"aco_14025","gt_translate_keys":["label"]},{"label":"4XL","value":"4XL","selected":false,"color":"#ffffff","tempId":"aco_14036","gt_translate_keys":["label"]},{"label":"5XL","value":"5XL","selected":false,"color":"#ffffff","tempId":"aco_14287","gt_translate_keys":["label"]},{"label":"6XL","value":"6XL","selected":false,"color":"#ffffff","tempId":"aco_14298","gt_translate_keys":["label"]}],"selection_type":"border","error":false,"layOut":"inline","disp_size":{"width":"40","height":"40"},"show_selected_option":true,"show_label_inside":true,"adjust_width":true,"priceOptions":"fixed_for_all","pricingType":"multiply","description":"Bitte beachten Sie die Gr\u00f6\u00dfentabelle, da es sich um einen neuen Produkttyp handelt.","gt_translate_keys":["label","description"],"price_dependency":false,"cl_dependency":false,"value":""}],[{"active":true,"col":6,"relations":false,"cl_rule":"show","enableCl":false,"price":"","enablePrice":false,"className":"","label_position":"default","desc_position":"default","type":"text","subtype":"text","required":true,"elementId":"text_8676bb269beee9","label":"GEBEN SIE IHREN NAMEN EIN","name":"text_8676bb269beee9","value":"","error":false,"placeholder":"","description":"Hinweis: Bitte schreiben Sie \"No Name\", wenn kein Name gedruckt werden soll.","gt_translate_keys":["label","placeholder","description","value"],"price_dependency":false,"cl_dependency":false}]]}},"config":{"price_override":"","enable_recaptcha":false,"bind_quantity":false,"quantity_bind_formula":false,"disp_summ_show_option_price":false,"disp_summ_show_product_price":false,"disp_summ_show_total_price":true,"disp_summ_show_fee":false,"disp_summ_show_discount":false,"summary_title":"","options_total_label":"","total_label":"","options_product_label":"","fee_label":"Fee","discount_label":"Discount","has_price":true,"has_quantity_formula":false},"mc_unit":1,"tax_rate":1,"tax_rate_real":0,"discount":{"percentage":0,"fixed":0},"design":{"conf":{"LabelPosition":"above","DescPosition":"above","UploadField":"custom_1","QuantityFieldStyle":"default"},"css":{"LeftLabelWidth":"120px"}},"formulas":[],"clones":false,"cartKey":false}},"_links":{"self":[{"href":"https:\/\/modopew.com\/de\/wp-json\/wp\/v2\/product\/507006","targetHints":{"allow":["GET"]}}],"collection":[{"href":"https:\/\/modopew.com\/de\/wp-json\/wp\/v2\/product"}],"about":[{"href":"https:\/\/modopew.com\/de\/wp-json\/wp\/v2\/types\/product"}],"replies":[{"embeddable":true,"href":"https:\/\/modopew.com\/de\/wp-json\/wp\/v2\/comments?post=507006"}],"wp:featuredmedia":[{"embeddable":true,"href":"https:\/\/modopew.com\/de\/wp-json\/wp\/v2\/media\/507013"}],"wp:attachment":[{"href":"https:\/\/modopew.com\/de\/wp-json\/wp\/v2\/media?parent=507006"}],"wp:term":[{"taxonomy":"product_brand","embeddable":true,"href":"https:\/\/modopew.com\/de\/wp-json\/wp\/v2\/product_brand?post=507006"},{"taxonomy":"product_cat","embeddable":true,"href":"https:\/\/modopew.com\/de\/wp-json\/wp\/v2\/product_cat?post=507006"},{"taxonomy":"product_tag","embeddable":true,"href":"https:\/\/modopew.com\/de\/wp-json\/wp\/v2\/product_tag?post=507006"}],"curies":[{"name":"wp","href":"https:\/\/api.w.org\/{rel}","templated":true}]}}