{"id":462654,"date":"2025-11-27T07:26:47","date_gmt":"2025-11-27T15:26:47","guid":{"rendered":"https:\/\/modopew.com\/de\/product\/freiheit-auf-zwei-rdern-hemd-mit-kurzen-rmeln-fahrer-spirit-baumwoll-kurzarmhemd-car444schwarz-8450"},"modified":"2025-11-27T07:26:47","modified_gmt":"2025-11-27T15:26:47","slug":"freiheit-auf-zwei-rdern-hemd-mit-kurzen-rmeln-fahrer-spirit-baumwoll-kurzarmhemd-car444schwarz-8450","status":"publish","type":"product","link":"https:\/\/modopew.com\/de\/products\/freiheit-auf-zwei-rdern-hemd-mit-kurzen-rmeln-fahrer-spirit-baumwoll-kurzarmhemd-car444schwarz-8450\/","title":{"rendered":"Freiheit auf zwei R\u00e4dern Hemd mit kurzen \u00c4rmeln, Fahrer Spirit Baumwoll-Kurzarmhemd CAR444 &#8211; Schwarz"},"content":{"rendered":"<p><strong>Herren Baumwollhemd mit kurzen \u00c4rmeln &#8211; Leicht, Atmungsaktiv &#038; L\u00e4ssiger Button-Down-Stil<\/strong>Material: BaumwolleVerschlussart: Knopfleiste\u00c4rmell\u00e4nge: KurzarmPflegehinweise: Maschinen- oder Handw\u00e4sche. Nicht bleichen.<strong>Produkt-Highlights:<\/strong>         <\/p>\n<li>Hochwertiger Baumwollstoff: Aus Baumwolle gefertigt f\u00fcr ganzt\u00e4gigen Tragekomfort. Weich, leicht und strapazierf\u00e4hig &#8211; ideal f\u00fcr warmes Wetter und aktive Tage.<\/li>\n<li>Funktionelles Design: Regul\u00e4re Passform mit kurzen \u00c4rmeln, klassischem Knopfverschluss und zwei Brusttaschen f\u00fcr zus\u00e4tzliche Funktionalit\u00e4t und Stil.<\/li>\n<li>Vorteilhafte Passform: Der leicht geschwungene Saum betont Taille und H\u00fcfte, w\u00e4hrend der saubere Kragen einen modernen, gepflegten Look verleiht.<\/li>\n<li>Vielseitiger Alltagsstil: Perfekt f\u00fcr den t\u00e4glichen Gebrauch, B\u00fcro, Reisen, Strandbesuche, Partys, Wandern, Angeln, Fotografie und mehr. Geeignet f\u00fcr legere und halbformelle Anl\u00e4sse.<\/li>\n<li>Tolles Geschenk: Eine durchdachte Geschenkidee f\u00fcr Sie selbst, Ihren Freund, Ehemann oder Familienmitglieder.<\/li>\n","protected":false},"excerpt":{"rendered":"<p>Herren Baumwollhemd mit kurzen \u00c4rmeln &#8211; Leicht, Atmungsaktiv &#038; L\u00e4ssiger Button-Down-StilMaterial: BaumwolleVerschlussart: Knopfleiste\u00c4rmell\u00e4nge: KurzarmPflegehinweise: Maschinen- oder Handw\u00e4sche. Nicht bleichen.Produkt-Highlights: Hochwertiger Baumwollstoff: Aus Baumwolle gefertigt f\u00fcr ganzt\u00e4gigen Tragekomfort. Weich, leicht und strapazierf\u00e4hig &#8211; ideal f\u00fcr warmes Wetter und aktive Tage. Funktionelles Design: Regul\u00e4re Passform mit kurzen \u00c4rmeln, klassischem Knopfverschluss und zwei Brusttaschen f\u00fcr zus\u00e4tzliche Funktionalit\u00e4t und [&#8230;]\n","protected":false},"featured_media":462655,"comment_status":"open","ping_status":"closed","template":"","meta":[],"product_brand":[],"product_cat":[697],"product_tag":[335],"class_list":{"0":"post-462654","1":"product","2":"type-product","3":"status-publish","4":"has-post-thumbnail","6":"product_cat-kurzarmhemd-kurzarmhemd-individuell","7":"product_tag-harley-davidson-2","8":"wcpa_has_options","10":"first","11":"instock","12":"sale","13":"taxable","14":"shipping-taxable","15":"purchasable","16":"product-type-simple"},"wcpa_form_fields":{"wcpaData":{"product":{"product_price":45.99,"price_html":"<del aria-hidden=\"true\"><span class=\"woocommerce-Price-amount amount\"><bdi><span class=\"woocommerce-Price-currencySymbol\">&#36;<\/span>58.99<\/bdi><\/span><\/del> <span class=\"screen-reader-text\">Urspr\u00fcnglicher Preis war: &#036;58.99<\/span><ins aria-hidden=\"true\"><span class=\"woocommerce-Price-amount amount\"><bdi><span class=\"woocommerce-Price-currencySymbol\">&#36;<\/span>45.99<\/bdi><\/span><\/ins><span class=\"screen-reader-text\">Aktueller Preis ist: &#036;45.99.<\/span>","original_product_price":58.99,"price_including_tax":45.99,"price_excluding_tax":45.99,"product_id":{"parent":462654,"variation":false},"is_variable":false,"stock_status":"instock","stock_quantity":null,"parent_sku":"CAR444052625780-2","product_attributes":[],"custom_fields":[],"is_taxable":true,"product_name":"Freiheit auf zwei R\u00e4dern Hemd mit kurzen \u00c4rmeln, Fahrer Spirit Baumwoll-Kurzarmhemd CAR444 - Schwarz"},"fields":{"sec_66824167bc1005":{"extra":{"key":"sec_66824167bc1005","section_id":"sec_66824167bc1005","name":"Default","status":1,"cl_rule":"show","enableCl":false,"relations":[],"toggle":true,"title_tag":"h3","show_title":false,"showPrice":"default","form_id":416252,"form_rules":{"exclude_from_discount":false,"fee_label":"Fee","disp_hide_options_price":true,"disp_show_section_price":false,"disp_show_field_price":false,"layout_option":"standard","pric_use_as_fee":false,"process_fee_as":"woo_fee"},"layout_option":"standard"},"fields":[[{"active":true,"col":6,"relations":false,"cl_rule":"show","enableCl":false,"price":"","enablePrice":false,"className":"float-position-element","label_position":"default","desc_position":"default","type":"content","required":false,"elementId":"content_06824167bc1037","label":"","name":"content_06824167bc1037","contentType":"rich","value":"<p><a href=\"#lightboxsizechart\" target=\"_self\">Gr\u00f6\u00dfenleitfaden>><\/a>\t<div id=\"lightboxsizechart\"\n\t     class=\"lightbox-by-id lightbox-content mfp-hide lightbox-white \"\n\t     style=\"max-width:800px ;padding:20px\">\n\t\t<img src=\"https:\/\/modopew.com\/de\/wp-content\/uploads\/2018\/07\/de-short-sleeved-shirt-size-chart.webp\" width=\"1328\" height=\"982\"\/>\t<\/div>\n\t\n\t<\/p>","error":false,"gt_translate_keys":["label","value"],"price_dependency":false,"cl_dependency":false}],[{"active":true,"col":6,"relations":false,"cl_rule":"show","enableCl":false,"price":"0","enablePrice":true,"className":"","label_position":"default","desc_position":"default","type":"color-group","required":true,"elementId":"color-group_26824167bc1045","label":"Gr\u00f6\u00dfe","name":"color-group_26824167bc1045","disp_type":"squircle","values":[{"label":"M","value":"M","selected":true,"color":"#ffffff","tempId":"aco_13250","gt_translate_keys":["label"]},{"label":"L","value":"L","selected":false,"color":"#ffffff","tempId":"aco_13251","gt_translate_keys":["label"]},{"label":"XL","value":"XL","selected":false,"color":"#ffffff","tempId":"aco_13982","gt_translate_keys":["label"]},{"label":"2XL","value":"2XL","selected":false,"color":"#ffffff","tempId":"aco_14014","gt_translate_keys":["label"]},{"label":"3XL","value":"3XL","selected":false,"color":"#ffffff","tempId":"aco_14025","gt_translate_keys":["label"]},{"label":"4XL","value":"4XL","selected":false,"color":"#ffffff","tempId":"aco_13249","gt_translate_keys":["label"]},{"label":"5XL","value":"5XL","selected":false,"color":"#ffffff","tempId":"aco_113","gt_translate_keys":["label"]}],"selection_type":"border","error":false,"layOut":"inline","disp_size":{"width":"40","height":"40"},"show_selected_option":true,"show_label_inside":true,"adjust_width":true,"priceOptions":"fixed_for_all","pricingType":"multiply","description":"Bitte beachten Sie die Gr\u00f6\u00dfentabelle, da es sich um einen neuen Produkttyp handelt.","gt_translate_keys":["label","description"],"price_dependency":false,"cl_dependency":false,"value":""}],[{"active":true,"col":6,"relations":false,"cl_rule":"show","enableCl":false,"price":"","enablePrice":false,"className":"","label_position":"default","desc_position":"default","type":"text","subtype":"text","required":true,"elementId":"text_16824167bc104b","label":"GEBEN SIE IHREN NAMEN EIN","name":"text_16824167bc104b","value":"","error":false,"placeholder":"","description":"Hinweis: Bitte schreiben Sie \"No Name\", wenn kein Name gedruckt werden soll.","gt_translate_keys":["label","placeholder","description","value"],"price_dependency":false,"cl_dependency":false}]]}},"config":{"price_override":"","enable_recaptcha":false,"bind_quantity":false,"quantity_bind_formula":false,"disp_summ_show_option_price":false,"disp_summ_show_product_price":false,"disp_summ_show_total_price":true,"disp_summ_show_fee":false,"disp_summ_show_discount":false,"summary_title":"","options_total_label":"","total_label":"","options_product_label":"","fee_label":"Fee","discount_label":"Discount","has_price":true,"has_quantity_formula":false},"mc_unit":1,"tax_rate":1,"tax_rate_real":0,"discount":{"percentage":0,"fixed":0},"design":{"conf":{"LabelPosition":"above","DescPosition":"above","UploadField":"custom_1","QuantityFieldStyle":"default"},"css":{"LeftLabelWidth":"120px"}},"formulas":[],"clones":false,"cartKey":false}},"_links":{"self":[{"href":"https:\/\/modopew.com\/de\/wp-json\/wp\/v2\/product\/462654","targetHints":{"allow":["GET"]}}],"collection":[{"href":"https:\/\/modopew.com\/de\/wp-json\/wp\/v2\/product"}],"about":[{"href":"https:\/\/modopew.com\/de\/wp-json\/wp\/v2\/types\/product"}],"replies":[{"embeddable":true,"href":"https:\/\/modopew.com\/de\/wp-json\/wp\/v2\/comments?post=462654"}],"wp:featuredmedia":[{"embeddable":true,"href":"https:\/\/modopew.com\/de\/wp-json\/wp\/v2\/media\/462655"}],"wp:attachment":[{"href":"https:\/\/modopew.com\/de\/wp-json\/wp\/v2\/media?parent=462654"}],"wp:term":[{"taxonomy":"product_brand","embeddable":true,"href":"https:\/\/modopew.com\/de\/wp-json\/wp\/v2\/product_brand?post=462654"},{"taxonomy":"product_cat","embeddable":true,"href":"https:\/\/modopew.com\/de\/wp-json\/wp\/v2\/product_cat?post=462654"},{"taxonomy":"product_tag","embeddable":true,"href":"https:\/\/modopew.com\/de\/wp-json\/wp\/v2\/product_tag?post=462654"}],"curies":[{"name":"wp","href":"https:\/\/api.w.org\/{rel}","templated":true}]}}