{"id":418572,"date":"2025-11-25T02:29:14","date_gmt":"2025-11-25T10:29:14","guid":{"rendered":"https:\/\/modopew.com\/de\/product\/treue-fohlen-gruppe-cap-mit-allover-druck-sportlicher-stil-alltgliche-leichtigkeit-bde030-9624"},"modified":"2025-11-25T02:29:14","modified_gmt":"2025-11-25T10:29:14","slug":"treue-fohlen-gruppe-cap-mit-allover-druck-sportlicher-stil-alltgliche-leichtigkeit-bde030-9624","status":"publish","type":"product","link":"https:\/\/modopew.com\/de\/products\/treue-fohlen-gruppe-cap-mit-allover-druck-sportlicher-stil-alltgliche-leichtigkeit-bde030-9624\/","title":{"rendered":"Treue Fohlen-Gruppe Cap mit Allover-Druck, Sportlicher Stil Allt\u00e4gliche Leichtigkeit BDE030"},"content":{"rendered":"<p><strong>Individuell bedruckte Baseball Cap &#8211; Ein gewagtes Accessoire f\u00fcr dein Outfit<\/strong>Eine individuell bedruckte Baseball Cap kann ein mutiges Accessoire f\u00fcr dein Outfit sein. Sie ist nicht nur modisch, sondern auch bequem zu tragen, selbst bei der br\u00fctend hei\u00dfen Sonne.<\/p>\n<ul>\n<li>Strukturierte 5-Panel-Mid-Profile-Baseballkappe mit nahtloser Vorderseite, Kunststoff-Snap-Verschluss auf der R\u00fcckseite f\u00fcr eine individuelle Passform, weiches Schwei\u00dfband innen f\u00fcr zus\u00e4tzlichen Komfort und einem stabilen, vorgeformten Kunststoffschirm.<\/li>\n<li>Leichter Polyesterstoff, der geeignet ist, den Kopf auch bei hei\u00dfem Wetter k\u00fchl zu halten.<\/li      \n\n<li>Ein fester Buckram (Verst\u00e4rkungsstoff) wurde zum Frontpanel hinzugef\u00fcgt, um Form zu schaffen und die Kappe unter den h\u00e4rtesten Bedingungen in Form zu halten.<\/li>\n<li>Die L\u00fcftungs\u00f6ffnungen sind verst\u00e4rkt und in vier Panels (au\u00dfer vorne) gen\u00e4ht, um eine bessere Bel\u00fcftung zu gew\u00e4hrleisten. Au\u00dferdem gibt es einen stoff\u00fcberzogenen oberen Knopf.<\/li>\n<li>Unsere individuell gestaltete Kappe wird sorgf\u00e4ltig verpackt, um ihre perfekte Form zu bewahren und dir einen klassischen Look zu bieten.<\/li>\n<li>Eine Gr\u00f6\u00dfe passt den meisten.<\/li>\n<\/ul>\n<p>Unsere Baseballkappe passt hervorragend zu sportlichen Outfits und Freizeitkleidung. Du kannst die Kappe t\u00e4glich tragen, wenn du nach drau\u00dfen gehst. Selbst wenn du drinnen bleibst, kann sie deinen Stil aufwerten und deinem Outfit Akzente verleihen. Verschenke sie an Freunde, V\u00e4ter und deine Liebsten, die sportliche Looks lieben.<b>Hinweis:<\/b><\/p>\n<ul>\n<li>Der zentrale Druckbereich des Frontpanels ist etwa 10 cm (ca. 3,9 Zoll) hoch. Um das beste Ergebnis zu erzielen, vermeide zu viele Details im Frontdesign.<\/li>\n<li>Vermeide kleine Schriftarten und andere d\u00fcnne Elemente. Linien und Details sollten mehr als 10 px dick sein.<\/li>\n<li>Das Muster enth\u00e4lt eine Nahtzugabe von 5 mm bis 7 mm.<\/li>\n<\/ul>\n","protected":false},"excerpt":{"rendered":"<p>Individuell bedruckte Baseball Cap &#8211; Ein gewagtes Accessoire f\u00fcr dein OutfitEine individuell bedruckte Baseball Cap kann ein mutiges Accessoire f\u00fcr dein Outfit sein. Sie ist nicht nur modisch, sondern auch bequem zu tragen, selbst bei der br\u00fctend hei\u00dfen Sonne. Strukturierte 5-Panel-Mid-Profile-Baseballkappe mit nahtloser Vorderseite, Kunststoff-Snap-Verschluss auf der R\u00fcckseite f\u00fcr eine individuelle Passform, weiches Schwei\u00dfband innen [&#8230;]\n","protected":false},"featured_media":418578,"comment_status":"open","ping_status":"closed","template":"","meta":[],"product_brand":[],"product_cat":[750],"product_tag":[228],"class_list":{"0":"post-418572","1":"product","2":"type-product","3":"status-publish","4":"has-post-thumbnail","6":"product_cat-kappe","7":"product_tag-borussia-monchengladbach","8":"wcpa_has_options","10":"first","11":"instock","12":"sale","13":"taxable","14":"shipping-taxable","15":"purchasable","16":"product-type-simple"},"wcpa_form_fields":{"wcpaData":{"product":{"product_price":32.99,"price_html":"<del aria-hidden=\"true\"><span class=\"woocommerce-Price-amount amount\"><bdi><span class=\"woocommerce-Price-currencySymbol\">&#36;<\/span>42.99<\/bdi><\/span><\/del> <span class=\"screen-reader-text\">Urspr\u00fcnglicher Preis war: &#036;42.99<\/span><ins aria-hidden=\"true\"><span class=\"woocommerce-Price-amount amount\"><bdi><span class=\"woocommerce-Price-currencySymbol\">&#36;<\/span>32.99<\/bdi><\/span><\/ins><span class=\"screen-reader-text\">Aktueller Preis ist: &#036;32.99.<\/span>","original_product_price":42.99,"price_including_tax":32.99,"price_excluding_tax":32.99,"product_id":{"parent":418572,"variation":false},"is_variable":false,"stock_status":"instock","stock_quantity":null,"parent_sku":"BDE03052425338","product_attributes":[],"custom_fields":[],"is_taxable":true,"product_name":"Treue Fohlen-Gruppe Cap mit Allover-Druck, Sportlicher Stil Allt\u00e4gliche Leichtigkeit BDE030"},"fields":{"sec_568d640c2beaf1":{"extra":{"key":"sec_568d640c2beaf1","section_id":"sec_568d640c2beaf1","name":"Default","status":1,"cl_rule":"show","enableCl":false,"relations":[],"toggle":true,"title_tag":"h3","show_title":false,"showPrice":"default","form_id":418488,"form_rules":{"exclude_from_discount":false,"fee_label":"Fee","disp_hide_options_price":true,"disp_show_section_price":false,"disp_show_field_price":false,"layout_option":"standard","pric_use_as_fee":false,"process_fee_as":"woo_fee"},"layout_option":"standard"},"fields":[[{"active":true,"col":6,"relations":false,"cl_rule":"show","enableCl":false,"price":"","enablePrice":false,"className":"float-position-element","label_position":"default","desc_position":"default","type":"content","required":false,"elementId":"content_668d640c2beb49","label":"","name":"content_668d640c2beb49","contentType":"rich","value":"<p><a href=\"#lightboxsizechart\" target=\"_self\">Gr\u00f6\u00dfenleitfaden>><\/a>\t<div id=\"lightboxsizechart\"\n\t     class=\"lightbox-by-id lightbox-content mfp-hide lightbox-white \"\n\t     style=\"max-width:800px ;padding:20px\">\n\t\t<img src=\"https:\/\/image-product-hieu.s3.dualstack.us-west-1.amazonaws.com\/size-chart-image\/Classic-Cap-Details.webp\" width=\"1328\" height=\"982\"\/>\t<\/div>\n\t\n\t<\/p>","error":false,"gt_translate_keys":["label","value"],"price_dependency":false,"cl_dependency":false}],[{"active":true,"col":6,"relations":false,"cl_rule":"show","enableCl":false,"price":"","enablePrice":true,"className":"","label_position":"default","desc_position":"default","type":"color-group","required":true,"elementId":"color-group_968d640c2beb59","label":"Style","name":"color-group_968d640c2beb59","disp_type":"squircle","values":[{"label":"Kunststoffeinsatz","value":"Kunststoffeinsatz","selected":true,"color":"#ffffff","tempId":"aco_128","price":"0","gt_translate_keys":["label"]},{"label":"Eiseneinsatz","value":"Eiseneinsatz","selected":false,"color":"#ffffff","tempId":"aco_129","price":"2","gt_translate_keys":["label"]}],"layOut":"inline","error":false,"disp_size":{"width":"40","height":"40"},"priceOptions":"different_for_all","pricingType":"multiply","selection_type":"border","show_selected_option":true,"show_label_inside":true,"adjust_width":true,"gt_translate_keys":["label"],"price_dependency":false,"cl_dependency":false,"value":""}]]}},"config":{"price_override":"","enable_recaptcha":false,"bind_quantity":false,"quantity_bind_formula":false,"disp_summ_show_option_price":false,"disp_summ_show_product_price":false,"disp_summ_show_total_price":true,"disp_summ_show_fee":false,"disp_summ_show_discount":false,"summary_title":"","options_total_label":"","total_label":"","options_product_label":"","fee_label":"Fee","discount_label":"Discount","has_price":true,"has_quantity_formula":false},"mc_unit":1,"tax_rate":1,"tax_rate_real":0,"discount":{"percentage":0,"fixed":0},"design":{"conf":{"LabelPosition":"above","DescPosition":"above","UploadField":"custom_1","QuantityFieldStyle":"default"},"css":{"LeftLabelWidth":"120px"}},"formulas":[],"clones":false,"cartKey":false}},"_links":{"self":[{"href":"https:\/\/modopew.com\/de\/wp-json\/wp\/v2\/product\/418572","targetHints":{"allow":["GET"]}}],"collection":[{"href":"https:\/\/modopew.com\/de\/wp-json\/wp\/v2\/product"}],"about":[{"href":"https:\/\/modopew.com\/de\/wp-json\/wp\/v2\/types\/product"}],"replies":[{"embeddable":true,"href":"https:\/\/modopew.com\/de\/wp-json\/wp\/v2\/comments?post=418572"}],"wp:featuredmedia":[{"embeddable":true,"href":"https:\/\/modopew.com\/de\/wp-json\/wp\/v2\/media\/418578"}],"wp:attachment":[{"href":"https:\/\/modopew.com\/de\/wp-json\/wp\/v2\/media?parent=418572"}],"wp:term":[{"taxonomy":"product_brand","embeddable":true,"href":"https:\/\/modopew.com\/de\/wp-json\/wp\/v2\/product_brand?post=418572"},{"taxonomy":"product_cat","embeddable":true,"href":"https:\/\/modopew.com\/de\/wp-json\/wp\/v2\/product_cat?post=418572"},{"taxonomy":"product_tag","embeddable":true,"href":"https:\/\/modopew.com\/de\/wp-json\/wp\/v2\/product_tag?post=418572"}],"curies":[{"name":"wp","href":"https:\/\/api.w.org\/{rel}","templated":true}]}}