{"id":409058,"date":"2025-11-25T00:14:00","date_gmt":"2025-11-25T08:14:00","guid":{"rendered":"https:\/\/modopew.com\/de\/product\/wahrer-fan-fuball-windbreaker-jacke-exklusive-logo-jacke-fr-fuballfans-bde9004200"},"modified":"2025-12-21T17:27:33","modified_gmt":"2025-12-22T01:27:33","slug":"wahrer-fan-fuball-windbreaker-jacke-exklusive-logo-jacke-fr-fuballfans-bde9004200","status":"publish","type":"product","link":"https:\/\/modopew.com\/de\/products\/wahrer-fan-fuball-windbreaker-jacke-exklusive-logo-jacke-fr-fuballfans-bde9004200\/","title":{"rendered":"Wahrer Fan-Fu\u00dfball Windbreaker Jacke, Exklusive Logo-Jacke F\u00fcr Fu\u00dfballfans BDE900 &#8211;"},"content":{"rendered":"<p><strong>Custom Windbreaker<\/strong>Gestalte eine einzigartige winddichte und wasserdichte Jacke, damit du bei Outdoor-Aktivit\u00e4ten den blauen Himmel und wei\u00dfe Wolken genie\u00dfen kannst. Genie\u00dfe die freie Zeit beim Spazierengehen, selbst an windigen und regnerischen Tagen, und begleite dich durch Fr\u00fchling, Sommer, Herbst und Winter.<strong>Bequemes Material<\/strong>Der Stoff ist bequem und l\u00e4ssig, mit einer glatten Haptik, klarer Textur und starkem Griff.<strong>Wasserdicht und Atmungsaktiv<\/strong>Das Material der Herren-Windjacke ist mit einer wasserdichten Beschichtung behandelt, die effektiv verhindert, dass Regenwasser in die Kleidung eindringt, und dich trocken und komfortabel h\u00e4lt. Sch\u00fctzt vor leichtem Regen, Feuchtigkeit und Schnee.<strong>Unsichtbare Taschen<\/strong>Unsichtbare, interne und externe Brusttaschen sowie zwei verschlossene wasserdichte Seitentaschen bieten ausreichend Platz f\u00fcr Schl\u00fcssel, Karten, Handys und andere Gegenst\u00e4nde und bieten maximalen Schutz f\u00fcr deine pers\u00f6nlichen Sachen.<strong>Breite Anwendung<\/strong>Die Herrenjacke ist geeignet f\u00fcr den t\u00e4glichen Gebrauch und Outdoor-Sportarten wie Reisen, Radfahren, Wandern, Bergsteigen, Angeln, Camping und Jagen. Sie ist ein Must-Have f\u00fcr deinen Fr\u00fchjahrs-, Herbst- und Winterkleiderschrank.<\/p>\n","protected":false},"excerpt":{"rendered":"<p>Custom WindbreakerGestalte eine einzigartige winddichte und wasserdichte Jacke, damit du bei Outdoor-Aktivit\u00e4ten den blauen Himmel und wei\u00dfe Wolken genie\u00dfen kannst. Genie\u00dfe die freie Zeit beim Spazierengehen, selbst an windigen und regnerischen Tagen, und begleite dich durch Fr\u00fchling, Sommer, Herbst und Winter.Bequemes MaterialDer Stoff ist bequem und l\u00e4ssig, mit einer glatten Haptik, klarer Textur und starkem [&#8230;]\n","protected":false},"featured_media":409063,"comment_status":"open","ping_status":"closed","template":"","meta":[],"product_brand":[],"product_cat":[651],"product_tag":[214],"class_list":{"0":"post-409058","1":"product","2":"type-product","3":"status-publish","4":"has-post-thumbnail","6":"product_cat-windbreaker-jacke","7":"product_tag-borussia-dortmund-ii","8":"wcpa_has_options","10":"first","11":"instock","12":"sale","13":"taxable","14":"shipping-taxable","15":"purchasable","16":"product-type-simple"},"wcpa_form_fields":{"wcpaData":{"product":{"product_price":59.99,"price_html":"<del aria-hidden=\"true\"><span class=\"woocommerce-Price-amount amount\"><bdi><span class=\"woocommerce-Price-currencySymbol\">&#36;<\/span>74.99<\/bdi><\/span><\/del> <span class=\"screen-reader-text\">Urspr\u00fcnglicher Preis war: &#036;74.99<\/span><ins aria-hidden=\"true\"><span class=\"woocommerce-Price-amount amount\"><bdi><span class=\"woocommerce-Price-currencySymbol\">&#36;<\/span>59.99<\/bdi><\/span><\/ins><span class=\"screen-reader-text\">Aktueller Preis ist: &#036;59.99.<\/span>","original_product_price":74.99,"price_including_tax":59.99,"price_excluding_tax":59.99,"product_id":{"parent":409058,"variation":false},"is_variable":false,"stock_status":"instock","stock_quantity":null,"parent_sku":"BDE90010725237","product_attributes":[],"custom_fields":[],"is_taxable":true,"product_name":"Wahrer Fan-Fu\u00dfball Windbreaker Jacke, Exklusive Logo-Jacke F\u00fcr Fu\u00dfballfans BDE900 -"},"fields":{"sec_768638b2ee530a":{"extra":{"key":"sec_768638b2ee530a","section_id":"sec_768638b2ee530a","name":"Default","status":1,"cl_rule":"show","enableCl":false,"relations":[],"toggle":true,"title_tag":"h3","show_title":false,"showPrice":"default","form_id":417464,"form_rules":{"exclude_from_discount":false,"fee_label":"","disp_hide_options_price":true,"disp_show_section_price":false,"disp_show_field_price":false,"layout_option":"standard","pric_use_as_fee":false,"process_fee_as":"woo_fee"},"layout_option":"standard"},"fields":[[{"type":"content","subtype":"div","label":"","elementId":"content_868638b2ee5331","pricingType":"fixed","className":"float-position-element","cl_rule":"show","col":6,"relations":false,"active":true,"tooltip":"","value":"<p><a href=\"#lightboxsizechart\" target=\"_self\">Gr\u00f6\u00dfenleitfaden>><\/a>\t<div id=\"lightboxsizechart\"\n\t     class=\"lightbox-by-id lightbox-content mfp-hide lightbox-white \"\n\t     style=\"max-width:800px ;padding:20px\">\n\t\t<img src=\"https:\/\/modopew.com\/de\/wp-content\/uploads\/2018\/07\/de-windbreaker-jacket-size-chart.webp\" width=\"1200\" height=\"800\"\/>\t<\/div>\n\t\n\t<\/p>","name":"content_868638b2ee5331","contentType":"rich","error":false,"gt_translate_keys":["label","value","tooltip"],"price_dependency":false,"cl_dependency":false}],[{"type":"color-group","required":true,"elementId":"color-group_368638b2ee533d","label":"Gr\u00f6\u00dfe","inline":true,"enablePrice":true,"priceOptions":"fixed_for_all","pricingType":"multiply","name":"color-group_368638b2ee533d","disp_type":"squircle","selection_type":"border","disp_size":{"width":"40","height":"40"},"show_label_inside":true,"adjust_width":true,"cart_display_type":"text","other_text":"Other","cl_rule":"show","col":6,"values":[{"label":"S","value":"S","selected":true,"color":"#ffffff","tempId":"aco_153","gt_translate_keys":["label"]},{"label":"M","value":"M","selected":false,"color":"#ffffff","tempId":"aco_164","gt_translate_keys":["label"]},{"label":"L","value":"L","selected":false,"color":"#ffffff","tempId":"aco_175","gt_translate_keys":["label"]},{"label":"XL","value":"XL","selected":false,"color":"#ffffff","tempId":"aco_186","gt_translate_keys":["label"]},{"label":"2XL","value":"2XL","selected":false,"color":"#ffffff","tempId":"aco_197","gt_translate_keys":["label"]},{"label":"3XL","value":"3XL","selected":false,"color":"#ffffff","tempId":"aco_233","gt_translate_keys":["label"]},{"label":"4XL","value":"4XL","selected":false,"color":"#ffffff","tempId":"aco_63","gt_translate_keys":["label"]},{"label":"5XL","value":"5XL","selected":false,"color":"#ffffff","tempId":"aco_74","gt_translate_keys":["label"]}],"relations":[{"operator":false,"rules":[]}],"active":true,"tooltip":"","layOut":"inline","error":false,"description":"Bitte beachten Sie die Gr\u00f6\u00dfentabelle, da es sich um einen neuen Produkttyp handelt.","isTemplate":false,"show_selected_option":true,"price":"0","gt_translate_keys":["label","description","tooltip"],"price_dependency":false,"cl_dependency":false,"value":""}]]}},"config":{"price_override":"","enable_recaptcha":false,"bind_quantity":false,"quantity_bind_formula":false,"disp_summ_show_option_price":false,"disp_summ_show_product_price":false,"disp_summ_show_total_price":true,"disp_summ_show_fee":false,"disp_summ_show_discount":false,"summary_title":"","options_total_label":"","total_label":"","options_product_label":"","fee_label":"","discount_label":"Discount","has_price":true,"has_quantity_formula":false},"mc_unit":1,"tax_rate":1,"tax_rate_real":0,"discount":{"percentage":0,"fixed":0},"design":{"conf":{"LabelPosition":"above","DescPosition":"above","UploadField":"custom_1","QuantityFieldStyle":"default"},"css":{"LeftLabelWidth":"120px"}},"formulas":[],"clones":false,"cartKey":false}},"_links":{"self":[{"href":"https:\/\/modopew.com\/de\/wp-json\/wp\/v2\/product\/409058","targetHints":{"allow":["GET"]}}],"collection":[{"href":"https:\/\/modopew.com\/de\/wp-json\/wp\/v2\/product"}],"about":[{"href":"https:\/\/modopew.com\/de\/wp-json\/wp\/v2\/types\/product"}],"replies":[{"embeddable":true,"href":"https:\/\/modopew.com\/de\/wp-json\/wp\/v2\/comments?post=409058"}],"wp:featuredmedia":[{"embeddable":true,"href":"https:\/\/modopew.com\/de\/wp-json\/wp\/v2\/media\/409063"}],"wp:attachment":[{"href":"https:\/\/modopew.com\/de\/wp-json\/wp\/v2\/media?parent=409058"}],"wp:term":[{"taxonomy":"product_brand","embeddable":true,"href":"https:\/\/modopew.com\/de\/wp-json\/wp\/v2\/product_brand?post=409058"},{"taxonomy":"product_cat","embeddable":true,"href":"https:\/\/modopew.com\/de\/wp-json\/wp\/v2\/product_cat?post=409058"},{"taxonomy":"product_tag","embeddable":true,"href":"https:\/\/modopew.com\/de\/wp-json\/wp\/v2\/product_tag?post=409058"}],"curies":[{"name":"wp","href":"https:\/\/api.w.org\/{rel}","templated":true}]}}