{"id":13309,"date":"2025-11-20T03:05:22","date_gmt":"2025-11-20T03:05:22","guid":{"rendered":"https:\/\/modopew.com\/de\/products\/gelb-schwarzer-stolz-kapuzenpullover-mit-halbem-reisverschluss-hoodie-fur-fusballfans-bde300-schwarz\/"},"modified":"2026-03-16T02:08:04","modified_gmt":"2026-03-16T10:08:04","slug":"gelb-schwarzer-stolz-kapuzenpullover-mit-halbem-reisverschluss-hoodie-fur-fusballfans-bde300-schwarz","status":"publish","type":"product","link":"https:\/\/modopew.com\/de\/products\/gelb-schwarzer-stolz-kapuzenpullover-mit-halbem-reisverschluss-hoodie-fur-fusballfans-bde300-schwarz\/","title":{"rendered":"Gelb-Schwarzer Stolz Kapuzenpullover mit halbem Rei\u00dfverschluss, Hoodie F\u00fcr Fu\u00dfballfans BDE300 &#8211; Schwarz"},"content":{"rendered":"<h3><strong>HIGHLIGHTS<\/strong><\/h3>\n<li>Lang\u00e4rmliges Design f\u00fcr zus\u00e4tzliche W\u00e4rme und Schutz<\/li>\n<li>Kapuzenkragen f\u00fcr einen trendigen und modernen Look<\/li>\n<h3><strong>SPEZIFIKATIONEN<\/strong><\/h3>\n<li>Material: 100 % Polyester<\/li>\n<li>Stil: Taktisch, Cool, Streetwear, Casual<\/li>\n<li>Anl\u00e4sse: Alltag, Urlaub, Sport &#038; Outdoor<\/li>\n<li>Sportarten: Verschiedene sportliche Aktivit\u00e4ten<\/li>\n<li>Kleidungskategorie: Hoodie, Quarter-Zip-Hoodie<\/li>\n<li>Ausschnitt: Kapuze<\/li>\n<li>Stoff: Polyester<\/li>\n<li>Design: Mit Tasche<\/li>\n<li>\u00c4rmell\u00e4nge: Langarm<\/li>\n<li>Elastizit\u00e4t: Leicht elastisch<\/li>\n<li>Pflegehinweise: Nass- und Trockenreinigung, waschbar<\/li>\n<li>Muster: Einfarbig<\/li>\n<li>Saison: Fr\u00fchling &#038; Herbst<\/li>\n<p><img decoding=\"async\" src=\"https:\/\/image-product-hieu.s3.dualstack.us-west-1.amazonaws.com\/nga\/side-images\/de-hdhz-01.webp\" alt=\"null\" \/><\/p>\n<p><img decoding=\"async\" src=\"https:\/\/image-product-hieu.s3.dualstack.us-west-1.amazonaws.com\/nga\/side-images\/de-hdhz-02.webp\" alt=\"null\" \/><\/p>\n<p><img decoding=\"async\" src=\"https:\/\/image-product-hieu.s3.dualstack.us-west-1.amazonaws.com\/nga\/side-images\/de-hdhz-03.webp\" alt=\"null\" \/><\/p>\n","protected":false},"excerpt":{"rendered":"<p>HIGHLIGHTS Lang\u00e4rmliges Design f\u00fcr zus\u00e4tzliche W\u00e4rme und Schutz Kapuzenkragen f\u00fcr einen trendigen und modernen Look SPEZIFIKATIONEN Material: 100 % Polyester Stil: Taktisch, Cool, Streetwear, Casual Anl\u00e4sse: Alltag, Urlaub, Sport &#038; Outdoor Sportarten: Verschiedene sportliche Aktivit\u00e4ten Kleidungskategorie: Hoodie, Quarter-Zip-Hoodie Ausschnitt: Kapuze Stoff: Polyester Design: Mit Tasche \u00c4rmell\u00e4nge: Langarm Elastizit\u00e4t: Leicht elastisch Pflegehinweise: Nass- und Trockenreinigung, waschbar [&#8230;]\n","protected":false},"featured_media":13308,"comment_status":"closed","ping_status":"closed","template":"","meta":[],"product_brand":[],"product_cat":[270],"product_tag":[215],"class_list":{"0":"post-13309","1":"product","2":"type-product","3":"status-publish","4":"has-post-thumbnail","6":"product_cat-kapuzenpullover-mit-halbem-reisverschluss","7":"product_tag-borussia-dortmund","8":"wcpa_has_options","10":"first","11":"instock","12":"sale","13":"purchasable","14":"product-type-simple"},"wcpa_form_fields":{"wcpaData":{"product":{"product_price":59.99,"price_html":"<del aria-hidden=\"true\"><span class=\"woocommerce-Price-amount amount\"><bdi><span class=\"woocommerce-Price-currencySymbol\">&#36;<\/span>74.99<\/bdi><\/span><\/del> <span class=\"screen-reader-text\">Urspr\u00fcnglicher Preis war: &#036;74.99<\/span><ins aria-hidden=\"true\"><span class=\"woocommerce-Price-amount amount\"><bdi><span class=\"woocommerce-Price-currencySymbol\">&#36;<\/span>59.99<\/bdi><\/span><\/ins><span class=\"screen-reader-text\">Aktueller Preis ist: &#036;59.99.<\/span>","original_product_price":74.99,"price_including_tax":59.99,"price_excluding_tax":59.99,"product_id":{"parent":13309,"variation":false},"is_variable":false,"stock_status":"instock","stock_quantity":null,"parent_sku":"BDE3004282554-1","product_attributes":[],"custom_fields":[],"is_taxable":false,"product_name":"Gelb-Schwarzer Stolz Kapuzenpullover mit halbem Rei\u00dfverschluss, Hoodie F\u00fcr Fu\u00dfballfans BDE300 - Schwarz"},"fields":{"sec_367bd768c86ba6":{"extra":{"key":"sec_367bd768c86ba6","section_id":"sec_367bd768c86ba6","name":"Default","status":1,"cl_rule":"show","enableCl":false,"relations":[],"toggle":true,"title_tag":"h3","show_title":false,"showPrice":"default","form_id":22284,"form_rules":{"exclude_from_discount":false,"fee_label":"","disp_hide_options_price":true,"disp_show_section_price":false,"disp_show_field_price":false,"layout_option":"standard","pric_use_as_fee":false,"process_fee_as":"woo_fee"},"layout_option":"standard"},"fields":[[{"type":"content","subtype":"div","label":"","elementId":"content_067bd768c86c3f","pricingType":"fixed","className":"float-position-element","cl_rule":"show","col":6,"relations":false,"active":true,"tooltip":"","value":"<p><a href=\"#lightboxsizechart\" target=\"_self\">Gr\u00f6\u00dfenleitfaden>> <\/a>\t<div id=\"lightboxsizechart\"\n\t     class=\"lightbox-by-id lightbox-content mfp-hide lightbox-white \"\n\t     style=\"max-width:800px ;padding:20px\">\n\t\t<img src=\"https:\/\/modopew.com\/de\/wp-content\/uploads\/2018\/07\/de-hoodie-half-zipper-15-1-new.webp\" width=\"1200\" height=\"800\"\/>\t<\/div>\n\t\n\t<\/p>","name":"content_067bd768c86c3f","contentType":"rich","error":false,"gt_translate_keys":["label","value","tooltip"],"price_dependency":false,"cl_dependency":false}],[{"type":"color-group","required":true,"elementId":"color-group_067bd768c86c4b","label":"Gr\u00f6\u00dfe","inline":true,"enablePrice":true,"priceOptions":"fixed_for_all","pricingType":"multiply","name":"color-group_067bd768c86c4b","disp_type":"squircle","selection_type":"border","disp_size":{"width":"35","height":"35"},"show_label_inside":true,"adjust_width":true,"cart_display_type":"text","other_text":"Other","cl_rule":"show","col":6,"values":[{"label":"S","value":"S","selected":true,"color":"#ffffff","tempId":"aco_153","gt_translate_keys":["label"]},{"label":"M","value":"M","selected":false,"color":"#ffffff","tempId":"aco_164","gt_translate_keys":["label"]},{"label":"L","value":"L","selected":false,"color":"#ffffff","tempId":"aco_175","gt_translate_keys":["label"]},{"label":"XL","value":"XL","selected":false,"color":"#ffffff","tempId":"aco_186","gt_translate_keys":["label"]},{"label":"2XL","value":"2XL","selected":false,"color":"#ffffff","tempId":"aco_197","gt_translate_keys":["label"]},{"label":"3XL","value":"3XL","selected":false,"color":"#ffffff","tempId":"aco_233","gt_translate_keys":["label"]},{"label":"4XL","value":"4XL","selected":false,"color":"#ffffff","tempId":"aco_244","gt_translate_keys":["label"]},{"label":"5XL","value":"5XL","selected":false,"color":"#ffffff","tempId":"aco_333","gt_translate_keys":["label"]},{"label":"6XL","value":"6XL","selected":false,"color":"#ffffff","tempId":"aco_71","gt_translate_keys":["label"]}],"relations":[{"operator":false,"rules":[]}],"active":true,"tooltip":"","layOut":"inline","error":false,"description":"Gr\u00f6\u00dfentabelle sorgf\u00e4ltig pr\u00fcfen \u2013 dieser Produkttyp unterscheidet sich von normaler Kleidung.","isTemplate":false,"show_selected_option":true,"price":"0","gt_translate_keys":["label","description","tooltip"],"price_dependency":false,"cl_dependency":false,"value":""}]]}},"config":{"price_override":"","enable_recaptcha":false,"bind_quantity":false,"quantity_bind_formula":false,"disp_summ_show_option_price":false,"disp_summ_show_product_price":false,"disp_summ_show_total_price":true,"disp_summ_show_fee":false,"disp_summ_show_discount":false,"summary_title":"","options_total_label":"","total_label":"","options_product_label":"","fee_label":"","discount_label":"Discount","has_price":true,"has_quantity_formula":false},"mc_unit":1,"tax_rate":1,"tax_rate_real":1,"discount":{"percentage":0,"fixed":0},"design":{"conf":{"LabelPosition":"above","DescPosition":"above","UploadField":"custom_1","QuantityFieldStyle":"default"},"css":{"LeftLabelWidth":"120px"}},"formulas":[],"clones":false,"cartKey":false}},"_links":{"self":[{"href":"https:\/\/modopew.com\/de\/wp-json\/wp\/v2\/product\/13309","targetHints":{"allow":["GET"]}}],"collection":[{"href":"https:\/\/modopew.com\/de\/wp-json\/wp\/v2\/product"}],"about":[{"href":"https:\/\/modopew.com\/de\/wp-json\/wp\/v2\/types\/product"}],"replies":[{"embeddable":true,"href":"https:\/\/modopew.com\/de\/wp-json\/wp\/v2\/comments?post=13309"}],"wp:featuredmedia":[{"embeddable":true,"href":"https:\/\/modopew.com\/de\/wp-json\/wp\/v2\/media\/13308"}],"wp:attachment":[{"href":"https:\/\/modopew.com\/de\/wp-json\/wp\/v2\/media?parent=13309"}],"wp:term":[{"taxonomy":"product_brand","embeddable":true,"href":"https:\/\/modopew.com\/de\/wp-json\/wp\/v2\/product_brand?post=13309"},{"taxonomy":"product_cat","embeddable":true,"href":"https:\/\/modopew.com\/de\/wp-json\/wp\/v2\/product_cat?post=13309"},{"taxonomy":"product_tag","embeddable":true,"href":"https:\/\/modopew.com\/de\/wp-json\/wp\/v2\/product_tag?post=13309"}],"curies":[{"name":"wp","href":"https:\/\/api.w.org\/{rel}","templated":true}]}}