{"id":7233,"date":"2025-06-21T07:15:14","date_gmt":"2025-06-21T07:15:14","guid":{"rendered":"https:\/\/modopew.com\/de\/?page_id=7233"},"modified":"2025-11-23T19:27:04","modified_gmt":"2025-11-24T03:27:04","slug":"terms-of-service","status":"publish","type":"page","link":"https:\/\/modopew.com\/de\/terms-of-service\/","title":{"rendered":"Nutzungsbedingungen"},"content":{"rendered":"<p><strong>Letzte Aktualisierung: 8. Januar 2025<\/strong><\/p>\n<p><strong>1. \u00dcberblick<\/strong><\/p>\n<p>Willkommen bei Modopew!<\/p>\n<p>Diese Nutzungsbedingungen (\u201eBedingungen\u201c) regeln Ihren Zugriff auf und Ihre Nutzung der Website\u00a0<a style=\"color: #000000;\" href=\"https:\/\/modopew.com\/\" target=\"_blank\" rel=\"noopener\">https:\/\/modopew.com<\/a>\u00a0(\u201eWebsite\u201c), einschlie\u00dflich aller Inhalte, Funktionen und angebotenen Dienste. Diese Website wird von Modopew (\u201ewir\u201c, \u201euns\u201c, \u201eunser\u201c) betrieben.<\/p>\n<p><a style=\"color: #000000;\" href=\"https:\/\/modopew.com\/privacy-policy\/\"><strong>Durch den Zugriff auf oder die Nutzung der Website erkl\u00e4ren Sie sich mit diesen Nutzungsbedingungen und unserer Datenschutzerkl\u00e4rung<\/strong><\/a>\u00a0einverstanden\u00a0. Sollten Sie mit einem Teil der Bedingungen nicht einverstanden sein, sind Sie nicht berechtigt, auf die Website zuzugreifen.<\/p>\n<p><strong>2. Nutzung der Website<\/strong><\/p>\n<p>Sie erkl\u00e4ren sich damit einverstanden, die Website ausschlie\u00dflich f\u00fcr rechtm\u00e4\u00dfige Zwecke und in einer Weise zu nutzen, die die Rechte Dritter nicht verletzt und deren Nutzung und Genuss der Website nicht einschr\u00e4nkt oder behindert. Verbotenes Verhalten umfasst unter anderem:<\/p>\n<ul>\n<li>\n<p>Die Nutzung der Website f\u00fcr betr\u00fcgerische oder illegale Zwecke ist untersagt.<\/p>\n<\/li>\n<li>\n<p>Der Versuch, sich unbefugten Zugriff auf Computersysteme oder Netzwerke zu verschaffen, die mit der Website verbunden sind, ist untersagt.<\/p>\n<\/li>\n<li>\n<p>Ohne unsere schriftliche Genehmigung d\u00fcrfen Sie keine Inhalte dieser Website kopieren, vervielf\u00e4ltigen, weiterverbreiten oder ver\u00e4ndern.<\/p>\n<\/li>\n<li>\n<p>Nutzen Sie die Website nicht, um Material zu \u00fcbertragen oder zu ver\u00f6ffentlichen, das Computerviren oder anderen sch\u00e4dlichen Code enth\u00e4lt.<\/p>\n<\/li>\n<\/ul>\n<p><strong>3. Produkte und Preise<\/strong><\/p>\n<p>Wir bem\u00fchen uns, die Produktinformationen (einschlie\u00dflich Beschreibungen, Bilder und Preise) auf der Website so genau und aktuell wie m\u00f6glich zu halten. Wir \u00fcbernehmen jedoch keine Gew\u00e4hr daf\u00fcr, dass diese Beschreibungen vollst\u00e4ndig fehlerfrei sind.<\/p>\n<p>Wir behalten uns das Recht vor, Fehler, Ungenauigkeiten oder Auslassungen zu korrigieren und Informationen jederzeit ohne vorherige Ank\u00fcndigung zu \u00e4ndern oder zu aktualisieren. Sollte ein Produkt aufgrund eines Tipp- oder Systemfehlers zu einem falschen Preis angeboten werden, behalten wir uns das Recht vor, Bestellungen f\u00fcr dieses Produkt abzulehnen oder zu stornieren.<\/p>\n<p><strong>4. Bestellung, Zahlung und Stornierung<\/strong><\/p>\n<p>Ihre Bestellung auf der Website stellt ein Angebot zum Kauf eines Produkts dar. Ein Vertrag zwischen Ihnen und uns kommt erst zustande, wenn wir Ihnen eine E-Mail senden, die den Versand der Bestellung best\u00e4tigt.<\/p>\n<p>Wir behalten uns das Recht vor, Ihre Bestellung jederzeit abzulehnen oder zu stornieren, unter anderem aus folgenden Gr\u00fcnden: Produktverf\u00fcgbarkeit, Fehler in der Produktbeschreibung oder im Preis oder wenn wir Betrug vermuten.<\/p>\n<p>Weitere Informationen zur Stornierung von Bestellungen finden Sie in\u00a0unseren\u00a0<strong><a style=\"color: #000000;\" href=\"https:\/\/modopew.com\/shipping-policy\/\">Versandrichtlinien<\/a>\u00a0.<\/strong><\/p>\n<p><strong>5. Rechte an geistigem Eigentum<\/strong><\/p>\n<p>S\u00e4mtliche Inhalte dieser Website, einschlie\u00dflich, aber nicht beschr\u00e4nkt auf Texte, Grafiken, Logos, Bilder, Videos und Software, sind Eigentum von Modopew oder unseren Inhaltslieferanten und sind durch US-amerikanische und internationale Urheber- und Schutzrechte gesch\u00fctzt.<\/p>\n<p><strong>6. Links zu anderen Richtlinien<\/strong><\/p>\n<p>Diese Bedingungen sollten in Verbindung mit unseren anderen wichtigen Richtlinien gelesen werden, die alle Bestandteil der Vereinbarung zwischen Ihnen und Modopew sind.<\/p>\n<ul>\n<li>\n<p><strong><a style=\"color: #000000;\" href=\"https:\/\/modopew.com\/shipping-policy\/\">Versandrichtlinien<\/a>\u00a0:<\/strong>\u00a0Bestimmungen zu Gebieten, Kosten und Lieferzeiten.<\/p>\n<\/li>\n<li>\n<p><strong><a style=\"color: #000000;\" href=\"https:\/\/modopew.com\/refund_returns\/\">R\u00fcckgabe- und Erstattungsrichtlinie<\/a>\u00a0:<\/strong>\u00a0Bestimmungen zu Bedingungen und Verfahren f\u00fcr R\u00fcckgaben und Erstattungen.<\/p>\n<\/li>\n<li>\n<p><strong><a style=\"color: #000000;\" href=\"https:\/\/modopew.com\/privacy-policy\/\">Datenschutzrichtlinie<\/a>\u00a0:<\/strong>\u00a0Erl\u00e4utert, wie wir Ihre personenbezogenen Daten erfassen und verwenden.<\/p>\n<\/li>\n<\/ul>\n<p><strong>7. Haftungsbeschr\u00e4nkung<\/strong><\/p>\n<p>Modopew, unsere Gesch\u00e4ftsf\u00fchrer, Mitarbeiter und verbundenen Unternehmen haften im gesetzlich zul\u00e4ssigen Umfang nicht f\u00fcr indirekte, zuf\u00e4llige, besondere oder Folgesch\u00e4den, die aus Ihrer Nutzung der Website oder dem Kauf von Produkten bei uns entstehen. Unsere maximale Haftung Ihnen gegen\u00fcber f\u00fcr jegliche Verluste oder Sch\u00e4den ist auf den von Ihnen f\u00fcr das Produkt, das den Anspruch begr\u00fcndet, gezahlten Gesamtbetrag beschr\u00e4nkt.<\/p>\n<p><strong>8. Anwendbares Recht<\/strong><\/p>\n<p>Diese Bedingungen und alle Streitigkeiten, die sich aus ihnen ergeben, unterliegen dem Recht des US-Bundesstaates Ohio und sind nach diesem auszulegen, ohne Ber\u00fccksichtigung der kollisionsrechtlichen Bestimmungen.<\/p>\n<p><strong>9. \u00c4nderungen der Nutzungsbedingungen<\/strong><\/p>\n<p>Wir behalten uns das Recht vor, diese Nutzungsbedingungen jederzeit zu \u00e4ndern. Die jeweils aktuelle Version wird stets mit dem aktualisierten Datum der letzten Aktualisierung auf dieser Website ver\u00f6ffentlicht. Ihre fortgesetzte Nutzung der Website nach Ver\u00f6ffentlichung von \u00c4nderungen gilt als Ihre Zustimmung zu den ge\u00e4nderten Nutzungsbedingungen.<\/p>\n<p><strong>10. Kontaktinformationen<\/strong><\/p>\n<p>Bei Fragen zu diesen Nutzungsbedingungen kontaktieren Sie uns bitte:<\/p>\n<ul>\n<li>\n<p><strong>Adresse:<\/strong>\u00a02118 Fannin St, Abilene, TX 79603<\/p>\n<\/li>\n<li>\n<p><strong>E-Mail:<\/strong>\u00a0support@modopew.com<\/p>\n<\/li>\n<li>\n<p><strong>Telefon:<\/strong>\u00a0+1 (325) 982-5851<\/p>\n<\/li>\n<li>\n<p><strong>Formular:\u00a0<\/strong><a style=\"color: #000000;\" href=\"https:\/\/modopew.com\/contact-us\/\" rel=\"noopener\" data-start=\"3524\" data-end=\"3550\">Kontaktieren Sie uns<\/a><\/p>\n<\/li>\n<li>\n<p><strong>Supportzeiten:<\/strong>\u00a0Mo.\u2013So.: 8:00\u201317:00 Uhr CST<\/p>\n<\/li>\n<\/ul>\n","protected":false},"excerpt":{"rendered":"<p>Letzte Aktualisierung: 8. Januar 2025 1. \u00dcberblick Willkommen bei Modopew! Diese Nutzungsbedingungen (\u201eBedingungen\u201c) regeln Ihren Zugriff auf und Ihre Nutzung der Website\u00a0https:\/\/modopew.com\u00a0(\u201eWebsite\u201c), einschlie\u00dflich aller Inhalte, Funktionen und angebotenen Dienste. Diese Website wird von Modopew (\u201ewir\u201c, \u201euns\u201c, \u201eunser\u201c) betrieben. Durch den Zugriff auf oder die Nutzung der Website erkl\u00e4ren Sie sich mit diesen Nutzungsbedingungen und unserer [&#8230;]\n","protected":false},"author":1,"featured_media":0,"parent":0,"menu_order":0,"comment_status":"closed","ping_status":"closed","template":"","meta":{"footnotes":""},"class_list":["post-7233","page","type-page","status-publish","hentry"],"_links":{"self":[{"href":"https:\/\/modopew.com\/de\/wp-json\/wp\/v2\/pages\/7233","targetHints":{"allow":["GET"]}}],"collection":[{"href":"https:\/\/modopew.com\/de\/wp-json\/wp\/v2\/pages"}],"about":[{"href":"https:\/\/modopew.com\/de\/wp-json\/wp\/v2\/types\/page"}],"author":[{"embeddable":true,"href":"https:\/\/modopew.com\/de\/wp-json\/wp\/v2\/users\/1"}],"replies":[{"embeddable":true,"href":"https:\/\/modopew.com\/de\/wp-json\/wp\/v2\/comments?post=7233"}],"version-history":[{"count":15,"href":"https:\/\/modopew.com\/de\/wp-json\/wp\/v2\/pages\/7233\/revisions"}],"predecessor-version":[{"id":381786,"href":"https:\/\/modopew.com\/de\/wp-json\/wp\/v2\/pages\/7233\/revisions\/381786"}],"wp:attachment":[{"href":"https:\/\/modopew.com\/de\/wp-json\/wp\/v2\/media?parent=7233"}],"curies":[{"name":"wp","href":"https:\/\/api.w.org\/{rel}","templated":true}]}}