{"id":7231,"date":"2025-06-21T07:14:56","date_gmt":"2025-06-21T07:14:56","guid":{"rendered":"https:\/\/modopew.com\/de\/?page_id=7231"},"modified":"2025-11-23T19:28:13","modified_gmt":"2025-11-24T03:28:13","slug":"cancel-my-order","status":"publish","type":"page","link":"https:\/\/modopew.com\/de\/cancel-my-order\/","title":{"rendered":"Meine Bestellung stornieren"},"content":{"rendered":"<p data-start=\"174\" data-end=\"248\"><strong data-start=\"217\" data-end=\"248\">Letzte Aktualisierung: 8. Januar 2025<\/strong><\/p>\n<p data-start=\"250\" data-end=\"455\">Bei Modopew legen wir Wert auf Flexibilit\u00e4t und Transparenz. Diese Richtlinie erkl\u00e4rt, wie Sie eine Bestellung stornieren k\u00f6nnen, innerhalb welcher Frist dies m\u00f6glich ist und wie R\u00fcckerstattungen abgewickelt werden, wenn Sie Ihre Meinung nach der Bestellung \u00e4ndern.<\/p>\n<h3 data-start=\"462\" data-end=\"488\">1. Stornierungsfenster<\/h3>\n<p data-start=\"490\" data-end=\"684\"><strong data-start=\"534\" data-end=\"546\">Sie k\u00f6nnen Ihre Bestellung innerhalb von 24 Stunden<\/strong>\u00a0nach Aufgabe stornieren\u00a0\u00a0\u00a0, sofern die Produktion noch nicht begonnen hat. Sobald die Produktion begonnen hat oder die Ware versandt wurde, ist eine Stornierung nicht mehr m\u00f6glich.<\/p>\n<p data-start=\"686\" data-end=\"883\">Wenn Ihre Bestellung nicht mehr storniert werden kann, k\u00f6nnen Sie sie m\u00f6glicherweise trotzdem zur\u00fccksenden \u2013\u00a0\u00a0weitere Informationen finden Sie in unseren\u00a0<a href=\"https:\/\/modopew.com\/refund_returns\/\">\u00a0R\u00fcckgabe- und Erstattungsrichtlinien .<\/a><\/p>\n<h3 data-start=\"890\" data-end=\"919\">2. So stornieren Sie eine Bestellung<\/h3>\n<p data-start=\"921\" data-end=\"1039\">Um eine Stornierung zu beantragen, senden Sie uns bitte\u00a0\u00a0innerhalb von 24 Stunden nach Ihrer Bestellung eine E-Mail an\u00a0<strong>support@modopew.com . Bitte geben Sie Folgendes an:<\/strong><\/p>\n<ul data-start=\"1041\" data-end=\"1168\">\n<li data-start=\"1041\" data-end=\"1062\">\n<p data-start=\"1043\" data-end=\"1062\">Ihre\u00a0\u00a0<strong data-start=\"1048\" data-end=\"1060\">Bestellnummer<\/strong><\/p>\n<\/li>\n<li data-start=\"1063\" data-end=\"1121\">\n<p data-start=\"1065\" data-end=\"1121\">Die\u00a0\u00a0\u00a0beim Bezahlvorgang verwendete\u00a0<strong data-start=\"1069\" data-end=\"1102\">E-Mail-Adresse oder Telefonnummer<\/strong><\/p>\n<\/li>\n<li data-start=\"1122\" data-end=\"1168\">\n<p data-start=\"1124\" data-end=\"1168\">(Optional) Kurzer Grund f\u00fcr die Stornierung<\/p>\n<\/li>\n<\/ul>\n<p data-start=\"1170\" data-end=\"1255\">Unser Team wird Ihre Anfrage pr\u00fcfen und Ihnen best\u00e4tigen, ob eine Stornierung noch m\u00f6glich ist.<\/p>\n<h3 data-start=\"1262\" data-end=\"1283\">3. R\u00fcckerstattungsprozess<\/h3>\n<p data-start=\"1285\" data-end=\"1518\">Wird Ihre Stornierung genehmigt, erstatten wir Ihnen den\u00a0\u00a0<strong data-start=\"1335\" data-end=\"1350\">vollen Betrag<\/strong>\u00a0\u00a0\u00fcber Ihre urspr\u00fcngliche Zahlungsmethode zur\u00fcck. Sie werden au\u00dferdem per E-Mail benachrichtigt, sobald Ihre Bestellung in die Produktionsphase geht. Ab diesem Zeitpunkt sind Stornierungen nicht mehr m\u00f6glich.<\/p>\n<p data-start=\"1520\" data-end=\"1656\">R\u00fcckerstattungen werden in der Regel innerhalb von\u00a0\u00a0<strong data-start=\"1559\" data-end=\"1578\">5 Werktagen<\/strong>\u00a0bearbeitet , allerdings kann es bei Ihrem Zahlungsanbieter etwas l\u00e4nger dauern, bis der Betrag gutgeschrieben wird.<\/p>\n<h3 data-start=\"1663\" data-end=\"1694\">4. Nach Ablauf der 24-Stunden-Frist<\/h3>\n<p data-start=\"1696\" data-end=\"1904\">Sobald Ihre Bestellung in Produktion ist oder versandt wurde, k\u00f6nnen wir sie nicht mehr stornieren. In diesem Fall informieren Sie sich bitte in unseren\u00a0\u00a0<a href=\"https:\/\/modopew.com\/refund_returns\/\" target=\"_new\" rel=\"noopener\" data-start=\"1808\" data-end=\"1874\">R\u00fcckgabe- und Erstattungsrichtlinien<\/a>\u00a0\u00a0\u00fcber die verf\u00fcgbaren R\u00fcckgabeoptionen.<\/p>\n<h4><strong>5. Fragen oder Unterst\u00fctzung?<\/strong><\/h4>\n<p>Sollten Sie weitere Fragen zu unseren Versandbedingungen haben oder Hilfe bei Ihrer Bestellung ben\u00f6tigen, z\u00f6gern Sie bitte nicht, uns zu kontaktieren \u00fcber:<\/p>\n<ul>\n<li>\n<p><strong>Adresse:<\/strong>\u00a02118 Fannin St, Abilene, TX 79603<\/p>\n<\/li>\n<li>\n<p><strong>E-Mail:<\/strong>\u00a0support@modopew.com<\/p>\n<\/li>\n<li>\n<p><strong>Telefon:<\/strong>\u00a0+1 (325) 982-5851<\/p>\n<\/li>\n<li>\n<p><strong>Formular:\u00a0<\/strong><a href=\"https:\/\/modopew.com\/contact-us\/\" rel=\"noopener\" data-start=\"3524\" data-end=\"3550\">Kontaktieren Sie uns<\/a><\/p>\n<\/li>\n<li>\n<p><strong>Supportzeiten:<\/strong>\u00a0Mo.\u2013So.: 8:00\u201317:00 Uhr CST<\/p>\n<\/li>\n<\/ul>\n<p>Unser Kundenservice-Team steht Ihnen jederzeit gerne zur Verf\u00fcgung!<\/p>\n","protected":false},"excerpt":{"rendered":"<p>Letzte Aktualisierung: 8. Januar 2025 Bei Modopew legen wir Wert auf Flexibilit\u00e4t und Transparenz. Diese Richtlinie erkl\u00e4rt, wie Sie eine Bestellung stornieren k\u00f6nnen, innerhalb welcher Frist dies m\u00f6glich ist und wie R\u00fcckerstattungen abgewickelt werden, wenn Sie Ihre Meinung nach der Bestellung \u00e4ndern. 1. Stornierungsfenster Sie k\u00f6nnen Ihre Bestellung innerhalb von 24 Stunden\u00a0nach Aufgabe stornieren\u00a0\u00a0\u00a0, sofern [&#8230;]\n","protected":false},"author":1,"featured_media":0,"parent":0,"menu_order":0,"comment_status":"closed","ping_status":"closed","template":"","meta":{"footnotes":""},"class_list":["post-7231","page","type-page","status-publish","hentry"],"_links":{"self":[{"href":"https:\/\/modopew.com\/de\/wp-json\/wp\/v2\/pages\/7231","targetHints":{"allow":["GET"]}}],"collection":[{"href":"https:\/\/modopew.com\/de\/wp-json\/wp\/v2\/pages"}],"about":[{"href":"https:\/\/modopew.com\/de\/wp-json\/wp\/v2\/types\/page"}],"author":[{"embeddable":true,"href":"https:\/\/modopew.com\/de\/wp-json\/wp\/v2\/users\/1"}],"replies":[{"embeddable":true,"href":"https:\/\/modopew.com\/de\/wp-json\/wp\/v2\/comments?post=7231"}],"version-history":[{"count":8,"href":"https:\/\/modopew.com\/de\/wp-json\/wp\/v2\/pages\/7231\/revisions"}],"predecessor-version":[{"id":381795,"href":"https:\/\/modopew.com\/de\/wp-json\/wp\/v2\/pages\/7231\/revisions\/381795"}],"wp:attachment":[{"href":"https:\/\/modopew.com\/de\/wp-json\/wp\/v2\/media?parent=7231"}],"curies":[{"name":"wp","href":"https:\/\/api.w.org\/{rel}","templated":true}]}}