{"id":7229,"date":"2025-06-21T07:14:40","date_gmt":"2025-06-21T07:14:40","guid":{"rendered":"https:\/\/modopew.com\/de\/?page_id=7229"},"modified":"2025-11-23T19:25:47","modified_gmt":"2025-11-24T03:25:47","slug":"payment-methods","status":"publish","type":"page","link":"https:\/\/modopew.com\/de\/payment-methods\/","title":{"rendered":"Zahlungsmethoden"},"content":{"rendered":"<p data-start=\"2256\" data-end=\"2287\"><strong data-start=\"2256\" data-end=\"2287\">Letzte Aktualisierung: 8. Januar 2025<\/strong><\/p>\n<p data-start=\"2289\" data-end=\"2505\">Bei Modopew m\u00f6chten wir Ihnen sichere und bequeme Zahlungsoptionen f\u00fcr ein reibungsloses Einkaufserlebnis bieten. Nachfolgend finden Sie eine detaillierte \u00dcbersicht der akzeptierten Zahlungsmethoden und unserer Ma\u00dfnahmen zur Zahlungssicherheit.<\/p>\n<h3 data-start=\"2512\" data-end=\"2547\"><strong data-start=\"2516\" data-end=\"2547\">1. Akzeptierte Zahlungsmethoden<\/strong><\/h3>\n<h4 data-start=\"2549\" data-end=\"2581\">A.\u00a0<strong data-start=\"2557\" data-end=\"2581\">Kredit-\/Debitkarten<\/strong><\/h4>\n<p data-start=\"2582\" data-end=\"2632\">Wir akzeptieren alle g\u00e4ngigen Kredit- und Debitkarten, darunter:<\/p>\n<ul data-start=\"2633\" data-end=\"2698\">\n<li data-start=\"2633\" data-end=\"2643\">\n<p data-start=\"2635\" data-end=\"2643\"><strong data-start=\"2635\" data-end=\"2643\">Visum<\/strong><\/p>\n<\/li>\n<li data-start=\"2644\" data-end=\"2660\">\n<p data-start=\"2646\" data-end=\"2660\"><strong data-start=\"2646\" data-end=\"2660\">MasterCard<\/strong><\/p>\n<\/li>\n<li data-start=\"2661\" data-end=\"2683\">\n<p data-start=\"2663\" data-end=\"2683\"><strong data-start=\"2663\" data-end=\"2683\">American Express<\/strong><\/p>\n<\/li>\n<li data-start=\"2684\" data-end=\"2698\">\n<p data-start=\"2686\" data-end=\"2698\"><strong data-start=\"2686\" data-end=\"2698\">Entdecken<\/strong><\/p>\n<\/li>\n<\/ul>\n<p data-start=\"2700\" data-end=\"2933\"><strong data-start=\"2700\" data-end=\"2717\">So funktioniert&#8217;s:<\/strong><br data-start=\"2717\" data-end=\"2720\" \/>W\u00e4hlen Sie im Bestellvorgang \u201eKredit-\/Debitkarte\u201c aus und geben Sie Ihre Kartendaten auf unserer sicheren Zahlungsseite ein. Ihre Zahlung wird sofort verarbeitet, und Sie erhalten eine E-Mail-Best\u00e4tigung, sobald Ihre Bestellung angenommen wurde.<\/p>\n<p data-start=\"2935\" data-end=\"3080\"><strong data-start=\"2935\" data-end=\"2948\">Sicherheit:<\/strong><br data-start=\"2948\" data-end=\"2951\" \/>Wir\u00a0<strong data-start=\"2957\" data-end=\"2987\">speichern keinerlei Kartendaten<\/strong>\u00a0auf unseren Servern. Alle Kartentransaktionen werden \u00fcber ein sicheres, PCI-konformes Zahlungsgateway abgewickelt.<\/p>\n<hr data-start=\"3082\" data-end=\"3085\" \/>\n<h4 data-start=\"3087\" data-end=\"3105\">B.\u00a0<strong data-start=\"3095\" data-end=\"3105\">PayPal<\/strong><\/h4>\n<p data-start=\"3106\" data-end=\"3179\">Wir akzeptieren auch\u00a0<strong data-start=\"3121\" data-end=\"3131\">PayPal<\/strong>\u00a0f\u00fcr einen schnelleren Bezahlvorgang und zus\u00e4tzlichen K\u00e4uferschutz.<\/p>\n<p data-start=\"3181\" data-end=\"3376\"><strong data-start=\"3181\" data-end=\"3198\">So funktioniert es:<\/strong><br data-start=\"3198\" data-end=\"3201\" \/>W\u00e4hlen Sie an der Kasse \u201ePayPal\u201c aus. Sie werden dann zur PayPal-Website weitergeleitet, um sich anzumelden und Ihre Zahlung abzuschlie\u00dfen. Anschlie\u00dfend werden Sie zur Bestellbest\u00e4tigung auf unsere Website zur\u00fcckgeleitet.<\/p>\n<h3 data-start=\"3383\" data-end=\"3414\"><strong data-start=\"3387\" data-end=\"3414\">2. Transaktionsw\u00e4hrung<\/strong><\/h3>\n<p data-start=\"3415\" data-end=\"3487\"><strong data-start=\"3464\" data-end=\"3486\">Alle Transaktionen auf unserer Website werden in US-Dollar (USD)<\/strong>\u00a0abgewickelt\u00a0.<\/p>\n<p data-start=\"3489\" data-end=\"3716\"><strong data-start=\"3489\" data-end=\"3521\">F\u00fcr internationale Kunden:<\/strong><br data-start=\"3521\" data-end=\"3524\" \/>Wenn Ihre Karte in einer anderen W\u00e4hrung ausgestellt ist, rechnet Ihre Bank oder Ihr Kartenaussteller den Betrag zum aktuellen Wechselkurs um. Je nach Anbieter k\u00f6nnen zus\u00e4tzliche Geb\u00fchren f\u00fcr die W\u00e4hrungsumrechnung anfallen.<\/p>\n<h3 data-start=\"3723\" data-end=\"3761\"><strong data-start=\"3727\" data-end=\"3761\">3. Nicht unterst\u00fctzte Zahlungsmethoden<\/strong><\/h3>\n<p data-start=\"3762\" data-end=\"3797\">Derzeit\u00a0<strong data-start=\"3782\" data-end=\"3796\">akzeptieren wir Folgendes nicht<\/strong>\u00a0:<\/p>\n<ul data-start=\"3798\" data-end=\"3865\">\n<li data-start=\"3798\" data-end=\"3814\">\n<p data-start=\"3800\" data-end=\"3814\">Bank\u00fcberweisungen<\/p>\n<\/li>\n<li data-start=\"3815\" data-end=\"3823\">\n<p data-start=\"3817\" data-end=\"3823\">Schecks<\/p>\n<\/li>\n<li data-start=\"3824\" data-end=\"3848\">\n<p data-start=\"3826\" data-end=\"3848\">Nachnahme (COD)<\/p>\n<\/li>\n<li data-start=\"3849\" data-end=\"3865\">\n<p data-start=\"3851\" data-end=\"3865\">Kryptow\u00e4hrung<\/p>\n<\/li>\n<\/ul>\n<p data-start=\"3867\" data-end=\"3974\">Bitte verwenden Sie eine unserer oben aufgef\u00fchrten akzeptierten Zahlungsmethoden, um Verz\u00f6gerungen bei der Bearbeitung Ihrer Bestellung zu vermeiden.<\/p>\n<h3 data-start=\"3981\" data-end=\"4022\"><strong data-start=\"3985\" data-end=\"4022\">4. Verpflichtung zur Zahlungssicherheit<\/strong><\/h3>\n<p data-start=\"4023\" data-end=\"4081\">Ihre Privatsph\u00e4re und der Schutz Ihrer Daten sind uns sehr wichtig.<\/p>\n<p data-start=\"4083\" data-end=\"4090\">Wir verwenden:<\/p>\n<ul data-start=\"4091\" data-end=\"4382\">\n<li data-start=\"4091\" data-end=\"4177\">\n<p data-start=\"4093\" data-end=\"4177\"><strong data-start=\"4093\" data-end=\"4111\">SSL-Verschl\u00fcsselung<\/strong>\u00a0zur Sicherung der Daten\u00fcbertragung zwischen Ihrem Browser und unseren Servern.<\/p>\n<\/li>\n<li data-start=\"4178\" data-end=\"4283\">\n<p data-start=\"4180\" data-end=\"4283\"><strong data-start=\"4180\" data-end=\"4208\">Vertrauensw\u00fcrdige Zahlungsportale<\/strong>\u00a0(z. B. Stripe, PayPal), die den globalen PCI-DSS-Sicherheitsstandards entsprechen.<\/p>\n<\/li>\n<li data-start=\"4284\" data-end=\"4382\">\n<p data-start=\"4286\" data-end=\"4382\"><strong data-start=\"4286\" data-end=\"4309\">Keine Datenspeicherung<\/strong>\u00a0Ihrer Finanzinformationen \u2013 wir\u00a0<strong data-start=\"4348\" data-end=\"4361\">speichern keine<\/strong>\u00a0Kreditkartendaten.<\/p>\n<\/li>\n<\/ul>\n<h3 data-start=\"4389\" data-end=\"4423\"><strong data-start=\"4393\" data-end=\"4423\">5. Ben\u00f6tigen Sie Hilfe bei der Zahlung?<\/strong><\/h3>\n<p data-start=\"4424\" data-end=\"4514\">Sollten Sie Probleme haben oder Fragen zu Ihrer Zahlung haben, k\u00f6nnen Sie sich gerne an uns wenden:<\/p>\n<ul>\n<li>\n<p><strong>Adresse:<\/strong>\u00a02118 Fannin St, Abilene, TX 79603<\/p>\n<\/li>\n<li>\n<p><strong>E-Mail:<\/strong>\u00a0support@modopew.com<\/p>\n<\/li>\n<li>\n<p><strong>Telefon:<\/strong>\u00a0+1 (325) 982-5851<\/p>\n<\/li>\n<li>\n<p><strong>Formular:\u00a0<\/strong><a href=\"https:\/\/modopew.com\/contact-us\/\" rel=\"noopener\" data-start=\"3524\" data-end=\"3550\">Kontaktieren Sie uns<\/a><\/p>\n<\/li>\n<li>\n<p><strong>Supportzeiten:<\/strong>\u00a0Mo.\u2013So.: 8:00\u201317:00 Uhr CST<\/p>\n<\/li>\n<\/ul>\n","protected":false},"excerpt":{"rendered":"<p>Letzte Aktualisierung: 8. Januar 2025 Bei Modopew m\u00f6chten wir Ihnen sichere und bequeme Zahlungsoptionen f\u00fcr ein reibungsloses Einkaufserlebnis bieten. Nachfolgend finden Sie eine detaillierte \u00dcbersicht der akzeptierten Zahlungsmethoden und unserer Ma\u00dfnahmen zur Zahlungssicherheit. 1. Akzeptierte Zahlungsmethoden A.\u00a0Kredit-\/Debitkarten Wir akzeptieren alle g\u00e4ngigen Kredit- und Debitkarten, darunter: Visum MasterCard American Express Entdecken So funktioniert&#8217;s:W\u00e4hlen Sie im Bestellvorgang [&#8230;]\n","protected":false},"author":1,"featured_media":0,"parent":0,"menu_order":0,"comment_status":"closed","ping_status":"closed","template":"","meta":{"footnotes":""},"class_list":["post-7229","page","type-page","status-publish","hentry"],"_links":{"self":[{"href":"https:\/\/modopew.com\/de\/wp-json\/wp\/v2\/pages\/7229","targetHints":{"allow":["GET"]}}],"collection":[{"href":"https:\/\/modopew.com\/de\/wp-json\/wp\/v2\/pages"}],"about":[{"href":"https:\/\/modopew.com\/de\/wp-json\/wp\/v2\/types\/page"}],"author":[{"embeddable":true,"href":"https:\/\/modopew.com\/de\/wp-json\/wp\/v2\/users\/1"}],"replies":[{"embeddable":true,"href":"https:\/\/modopew.com\/de\/wp-json\/wp\/v2\/comments?post=7229"}],"version-history":[{"count":10,"href":"https:\/\/modopew.com\/de\/wp-json\/wp\/v2\/pages\/7229\/revisions"}],"predecessor-version":[{"id":381783,"href":"https:\/\/modopew.com\/de\/wp-json\/wp\/v2\/pages\/7229\/revisions\/381783"}],"wp:attachment":[{"href":"https:\/\/modopew.com\/de\/wp-json\/wp\/v2\/media?parent=7229"}],"curies":[{"name":"wp","href":"https:\/\/api.w.org\/{rel}","templated":true}]}}