{"id":3,"date":"2025-06-21T04:03:44","date_gmt":"2025-06-21T04:03:44","guid":{"rendered":"https:\/\/modopew.com\/de\/?page_id=3"},"modified":"2025-11-23T19:15:09","modified_gmt":"2025-11-24T03:15:09","slug":"privacy-policy","status":"publish","type":"page","link":"https:\/\/modopew.com\/de\/privacy-policy\/","title":{"rendered":"Datenschutzrichtlinie"},"content":{"rendered":"<p data-start=\"211\" data-end=\"242\"><strong data-start=\"211\" data-end=\"242\">Letzte Aktualisierung: 8. Januar 2025<\/strong><\/p>\n<p data-start=\"244\" data-end=\"502\">Wir bei Modopew sch\u00e4tzen Ihr Vertrauen und verpflichten uns zum Schutz Ihrer Privatsph\u00e4re. Diese Datenschutzrichtlinie erkl\u00e4rt, wie wir Ihre personenbezogenen Daten erfassen, verwenden, weitergeben und sch\u00fctzen, wenn Sie unsere Website\u00a0<a href=\"https:\/\/modopew.com\/\" target=\"_new\" rel=\"noopener\" data-start=\"461\" data-end=\"501\">https:\/\/modopew.com<\/a>\u00a0besuchen oder dort einen Kauf t\u00e4tigen .<\/p>\n<h3 data-start=\"509\" data-end=\"542\"><strong data-start=\"513\" data-end=\"542\">1. Informationen, die wir sammeln<\/strong><\/h3>\n<p data-start=\"544\" data-end=\"589\">Wir erheben personenbezogene Daten haupts\u00e4chlich auf zwei Arten:<\/p>\n<h4 data-start=\"591\" data-end=\"631\">A. Informationen, die Sie direkt bereitstellen<\/h4>\n<ul data-start=\"632\" data-end=\"1058\">\n<li data-start=\"632\" data-end=\"724\">\n<p data-start=\"634\" data-end=\"724\"><strong data-start=\"634\" data-end=\"655\">Pers\u00f6nliche Daten:<\/strong>\u00a0Name, E-Mail-Adresse, Liefer- und Rechnungsadresse sowie Telefonnummer.<\/p>\n<\/li>\n<li data-start=\"725\" data-end=\"929\">\n<p data-start=\"727\" data-end=\"929\"><strong data-start=\"727\" data-end=\"759\">Bestell- und Zahlungsinformationen:<\/strong>\u00a0Wir erfassen zwar bestellbezogene Daten,\u00a0<strong data-start=\"800\" data-end=\"843\">speichern oder verarbeiten jedoch keine Zahlungsdetails<\/strong>\u00a0direkt. Zahlungen werden sicher \u00fcber vertrauensw\u00fcrdige Zahlungsdienstleister abgewickelt.<\/p>\n<\/li>\n<li data-start=\"930\" data-end=\"1058\">\n<p data-start=\"932\" data-end=\"1058\"><strong data-start=\"932\" data-end=\"953\">Kundensupport:<\/strong>\u00a0Alle Informationen, die Sie bei der Kontaktaufnahme mit unserem Support-Team angeben, einschlie\u00dflich Nachrichteninhalt und Anh\u00e4nge.<\/p>\n<\/li>\n<\/ul>\n<h4 data-start=\"1060\" data-end=\"1103\">B. Automatisch erfasste Informationen<\/h4>\n<ul data-start=\"1104\" data-end=\"1357\">\n<li data-start=\"1104\" data-end=\"1223\">\n<p data-start=\"1106\" data-end=\"1223\"><strong data-start=\"1106\" data-end=\"1131\">Ger\u00e4te- und Zugriffsdaten:<\/strong>\u00a0IP-Adresse, Browsertyp, Betriebssystem, verweisende URL und allgemeiner geografischer Standort.<\/p>\n<\/li>\n<li data-start=\"1224\" data-end=\"1357\">\n<p data-start=\"1226\" data-end=\"1357\"><strong data-start=\"1226\" data-end=\"1241\">Nutzungsdaten:<\/strong>\u00a0Aufrufte Seiten, Verweildauer auf der Website, angeklickte Links und Produktpr\u00e4ferenzen \u2013 erfasst \u00fcber Cookies und Analysetools.<\/p>\n<\/li>\n<\/ul>\n<h3 data-start=\"1364\" data-end=\"1402\"><strong data-start=\"1368\" data-end=\"1402\">2. Wie wir Ihre Daten verwenden<\/strong><\/h3>\n<p data-start=\"1404\" data-end=\"1431\">Wir verwenden Ihre Daten f\u00fcr folgende Zwecke:<\/p>\n<ul data-start=\"1433\" data-end=\"1990\">\n<li data-start=\"1433\" data-end=\"1524\">\n<p data-start=\"1435\" data-end=\"1524\"><strong data-start=\"1435\" data-end=\"1465\">Bestellungen abwickeln und verwalten: Bestellungen<\/strong>\u00a0best\u00e4tigen, bearbeiten, versenden und Sie \u00fcber den Bestellstatus informieren.<\/p>\n<\/li>\n<li data-start=\"1525\" data-end=\"1597\">\n<p data-start=\"1527\" data-end=\"1597\"><strong data-start=\"1527\" data-end=\"1556\">Bieten Sie Kundensupport:<\/strong>\u00a0Beantworten Sie Anfragen und l\u00f6sen Sie Probleme.<\/p>\n<\/li>\n<li data-start=\"1598\" data-end=\"1691\">\n<p data-start=\"1600\" data-end=\"1691\"><strong data-start=\"1600\" data-end=\"1632\">Personalisieren Sie Ihr Erlebnis:<\/strong>\u00a0Wir empfehlen Ihnen Produkte oder Dienstleistungen, die auf Ihre Interessen zugeschnitten sind.<\/p>\n<\/li>\n<li data-start=\"1692\" data-end=\"1784\">\n<p data-start=\"1694\" data-end=\"1784\"><strong data-start=\"1694\" data-end=\"1728\">Wir senden Ihnen Marketingmitteilungen:<\/strong>\u00a0Nur wenn Sie dem zugestimmt haben. Sie k\u00f6nnen sich jederzeit abmelden.<\/p>\n<\/li>\n<li data-start=\"1785\" data-end=\"1881\">\n<p data-start=\"1787\" data-end=\"1881\"><strong data-start=\"1787\" data-end=\"1816\">Verbesserung der Website-Performance:<\/strong>\u00a0Analysieren Sie die Website-Nutzung, um Funktionalit\u00e4t und Benutzerfreundlichkeit zu optimieren.<\/p>\n<\/li>\n<li data-start=\"1882\" data-end=\"1990\">\n<p data-start=\"1884\" data-end=\"1990\"><strong data-start=\"1884\" data-end=\"1923\">Rechtliche Konformit\u00e4t und Sicherheit gew\u00e4hrleisten:<\/strong>\u00a0Betrug aufdecken, Richtlinien durchsetzen und rechtliche Verpflichtungen erf\u00fcllen.<\/p>\n<\/li>\n<\/ul>\n<h3 data-start=\"1997\" data-end=\"2032\"><strong data-start=\"2001\" data-end=\"2032\">3. Ihre Informationen weitergeben<\/strong><\/h3>\n<p data-start=\"2034\" data-end=\"2171\">Wir\u00a0<strong data-start=\"2040\" data-end=\"2068\">verkaufen, vermieten oder tauschen<\/strong>\u00a0Ihre personenbezogenen Daten nicht. Wir geben sie nur unter folgenden Bedingungen an vertrauensw\u00fcrdige Dritte weiter:<\/p>\n<ul data-start=\"2173\" data-end=\"2531\">\n<li data-start=\"2173\" data-end=\"2231\">\n<p data-start=\"2175\" data-end=\"2231\"><strong data-start=\"2175\" data-end=\"2198\">Zahlungsabwickler:<\/strong>\u00a0Zur sicheren Abwicklung von Transaktionen.<\/p>\n<\/li>\n<li data-start=\"2232\" data-end=\"2299\">\n<p data-start=\"2234\" data-end=\"2299\"><strong data-start=\"2234\" data-end=\"2276\">Versanddienstleister (z. B. USPS, FedEx):<\/strong>\u00a0Zur Zustellung Ihrer Bestellung.<\/p>\n<\/li>\n<li data-start=\"2300\" data-end=\"2426\">\n<p data-start=\"2302\" data-end=\"2426\"><strong data-start=\"2302\" data-end=\"2371\">Marketing- und Analysetools (z. B. Google Analytics, Meta Pixel):<\/strong>\u00a0Zur Analyse des Nutzerverhaltens und zur Verbesserung der Marketingleistung.<\/p>\n<\/li>\n<li data-start=\"2427\" data-end=\"2531\">\n<p data-start=\"2429\" data-end=\"2531\"><strong data-start=\"2429\" data-end=\"2451\">Rechtliche Beh\u00f6rden:<\/strong>\u00a0Wenn die Einhaltung von Ermittlungen, Vorladungen oder Vorschriften gesetzlich vorgeschrieben ist.<\/p>\n<\/li>\n<\/ul>\n<h3 data-start=\"2538\" data-end=\"2562\"><strong data-start=\"2542\" data-end=\"2562\">4. Datensicherheit<\/strong><\/h3>\n<p data-start=\"2564\" data-end=\"2655\">Wir setzen branchen\u00fcbliche Sicherheitsprotokolle ein, um Ihre personenbezogenen Daten zu sch\u00fctzen, darunter:<\/p>\n<ul data-start=\"2657\" data-end=\"2843\">\n<li data-start=\"2657\" data-end=\"2723\">\n<p data-start=\"2659\" data-end=\"2723\">SSL-Verschl\u00fcsselung f\u00fcr die sichere \u00dcbertragung sensibler Informationen.<\/p>\n<\/li>\n<li data-start=\"2724\" data-end=\"2764\">\n<p data-start=\"2726\" data-end=\"2764\">Sichere Server mit eingeschr\u00e4nktem Zugriff.<\/p>\n<\/li>\n<li data-start=\"2765\" data-end=\"2843\">\n<p data-start=\"2767\" data-end=\"2843\">Regelm\u00e4\u00dfige \u00dcberwachung und Aktualisierungen zur Gew\u00e4hrleistung der Einhaltung der Sicherheitsstandards.<\/p>\n<\/li>\n<\/ul>\n<p data-start=\"2845\" data-end=\"3018\">Allerdings ist keine \u00dcbertragungsmethode \u00fcber das Internet hundertprozentig sicher. Obwohl wir uns bem\u00fchen, Ihre Daten mit angemessenen Mitteln zu sch\u00fctzen, k\u00f6nnen wir deren absolute Sicherheit nicht garantieren.<\/p>\n<h3 data-start=\"3025\" data-end=\"3047\"><strong data-start=\"3029\" data-end=\"3047\">5. Ihre Rechte<\/strong><\/h3>\n<p data-start=\"3049\" data-end=\"3140\">Je nach Ihrem Standort haben Sie m\u00f6glicherweise folgende Rechte in Bezug auf Ihre personenbezogenen Daten:<\/p>\n<ul data-start=\"3142\" data-end=\"3539\">\n<li data-start=\"3142\" data-end=\"3210\">\n<p data-start=\"3144\" data-end=\"3210\"><strong data-start=\"3144\" data-end=\"3155\">Auskunft:<\/strong>\u00a0Fordern Sie eine Kopie der personenbezogenen Daten an, die wir \u00fcber Sie speichern.<\/p>\n<\/li>\n<li data-start=\"3211\" data-end=\"3278\">\n<p data-start=\"3213\" data-end=\"3278\"><strong data-start=\"3213\" data-end=\"3228\">Korrektur:<\/strong>\u00a0Bitte fordern Sie Aktualisierungen ungenauer oder unvollst\u00e4ndiger Daten an.<\/p>\n<\/li>\n<li data-start=\"3279\" data-end=\"3365\">\n<p data-start=\"3281\" data-end=\"3365\"><strong data-start=\"3281\" data-end=\"3293\">L\u00f6schung:<\/strong>\u00a0Beantragen Sie unter bestimmten Bedingungen die L\u00f6schung Ihrer personenbezogenen Daten.<\/p>\n<\/li>\n<li data-start=\"3366\" data-end=\"3431\">\n<p data-start=\"3368\" data-end=\"3431\"><strong data-start=\"3368\" data-end=\"3384\">Einschr\u00e4nkung:<\/strong>\u00a0Fordern Sie Einschr\u00e4nkungen hinsichtlich der Art und Weise an, wie wir Ihre Daten verwenden.<\/p>\n<\/li>\n<li data-start=\"3432\" data-end=\"3539\">\n<p data-start=\"3434\" data-end=\"3539\"><strong data-start=\"3434\" data-end=\"3446\">Abmeldung:<\/strong>\u00a0Sie k\u00f6nnen sich \u00fcber den Link in jeder Werbe-E-Mail oder durch Kontaktaufnahme mit uns von Marketing-E-Mails abmelden.<\/p>\n<\/li>\n<\/ul>\n<p data-start=\"3541\" data-end=\"3668\">Um eines dieser Rechte auszu\u00fcben, kontaktieren Sie uns unter\u00a0support@modopew.com.\u00a0\u00a0Wir werden Ihnen innerhalb von 30 Tagen antworten.<\/p>\n<h3 data-start=\"3675\" data-end=\"3700\"><strong data-start=\"3679\" data-end=\"3700\">6. Cookie-Richtlinie<\/strong><\/h3>\n<p data-start=\"3702\" data-end=\"3818\">Cookies sind kleine Textdateien, die auf Ihrem Ger\u00e4t gespeichert werden, um Websites ein ordnungsgem\u00e4\u00dfes Funktionieren zu erm\u00f6glichen und Ihre Pr\u00e4ferenzen zu speichern.<\/p>\n<p data-start=\"3820\" data-end=\"3838\">Wir verwenden Cookies, um:<\/p>\n<ul data-start=\"3840\" data-end=\"4035\">\n<li data-start=\"3840\" data-end=\"3878\">\n<p data-start=\"3842\" data-end=\"3878\">Merken Sie sich Ihre Anmelde- und Warenkorbinformationen.<\/p>\n<\/li>\n<li data-start=\"3879\" data-end=\"3942\">\n<p data-start=\"3881\" data-end=\"3942\">Das Surfverhalten und die Website-Nutzung werden (mithilfe von Analysetools) verfolgt.<\/p>\n<\/li>\n<li data-start=\"3943\" data-end=\"3982\">\n<p data-start=\"3945\" data-end=\"3982\">Personalisieren Sie Ihr Einkaufserlebnis.<\/p>\n<\/li>\n<li data-start=\"3983\" data-end=\"4035\">\n<p data-start=\"3985\" data-end=\"4035\">Relevante Werbung ausliefern (sofern Sie dem zugestimmt haben).<\/p>\n<\/li>\n<\/ul>\n<p data-start=\"4037\" data-end=\"4163\">Sie k\u00f6nnen Cookies \u00fcber Ihre Browsereinstellungen verwalten oder deaktivieren. Die Deaktivierung von Cookies kann jedoch die Funktionalit\u00e4t einiger Websites einschr\u00e4nken.<\/p>\n<h3 data-start=\"4170\" data-end=\"4211\"><strong data-start=\"4174\" data-end=\"4211\">7. \u00c4nderungen dieser Datenschutzrichtlinie<\/strong><\/h3>\n<p data-start=\"4213\" data-end=\"4449\">Diese Richtlinie kann gelegentlich aktualisiert werden, um \u00c4nderungen der gesetzlichen Bestimmungen oder Gesch\u00e4ftspraktiken Rechnung zu tragen. Bei \u00c4nderungen aktualisieren wir das Datum \u201eLetzte Aktualisierung\u201c oben auf dieser Seite. Wir empfehlen Ihnen, diese Seite regelm\u00e4\u00dfig zu besuchen.<\/p>\n<h3 data-start=\"4456\" data-end=\"4486\"><strong data-start=\"4460\" data-end=\"4486\">8. Kontaktinformationen<\/strong><\/h3>\n<p data-start=\"4488\" data-end=\"4597\">Wenn Sie Fragen oder Bedenken bez\u00fcglich unserer Datenschutzrichtlinie oder der Art und Weise, wie wir Ihre Daten verarbeiten, haben, kontaktieren Sie uns bitte:<\/p>\n<ul>\n<li>\n<p><strong>Adresse:<\/strong>\u00a02118 Fannin St, Abilene, TX 79603<\/p>\n<\/li>\n<li>\n<p><strong>E-Mail:<\/strong>\u00a0support@modopew.com<\/p>\n<\/li>\n<li>\n<p><strong>Telefon:<\/strong>\u00a0+1 (325) 982-5851<\/p>\n<\/li>\n<li>\n<p><strong>Formular:\u00a0<\/strong><a href=\"https:\/\/modopew.com\/contact-us\/\" rel=\"noopener\" data-start=\"3524\" data-end=\"3550\">Kontaktieren Sie uns<\/a><\/p>\n<\/li>\n<li>\n<p><strong>Supportzeiten:<\/strong>\u00a0Mo.\u2013So.: 8:00\u201317:00 Uhr CST<\/p>\n<\/li>\n<\/ul>\n","protected":false},"excerpt":{"rendered":"<p>Letzte Aktualisierung: 8. Januar 2025 Wir bei Modopew sch\u00e4tzen Ihr Vertrauen und verpflichten uns zum Schutz Ihrer Privatsph\u00e4re. Diese Datenschutzrichtlinie erkl\u00e4rt, wie wir Ihre personenbezogenen Daten erfassen, verwenden, weitergeben und sch\u00fctzen, wenn Sie unsere Website\u00a0https:\/\/modopew.com\u00a0besuchen oder dort einen Kauf t\u00e4tigen . 1. Informationen, die wir sammeln Wir erheben personenbezogene Daten haupts\u00e4chlich auf zwei Arten: A. [&#8230;]\n","protected":false},"author":1,"featured_media":0,"parent":0,"menu_order":0,"comment_status":"closed","ping_status":"closed","template":"","meta":{"footnotes":""},"class_list":["post-3","page","type-page","status-publish","hentry"],"_links":{"self":[{"href":"https:\/\/modopew.com\/de\/wp-json\/wp\/v2\/pages\/3","targetHints":{"allow":["GET"]}}],"collection":[{"href":"https:\/\/modopew.com\/de\/wp-json\/wp\/v2\/pages"}],"about":[{"href":"https:\/\/modopew.com\/de\/wp-json\/wp\/v2\/types\/page"}],"author":[{"embeddable":true,"href":"https:\/\/modopew.com\/de\/wp-json\/wp\/v2\/users\/1"}],"replies":[{"embeddable":true,"href":"https:\/\/modopew.com\/de\/wp-json\/wp\/v2\/comments?post=3"}],"version-history":[{"count":14,"href":"https:\/\/modopew.com\/de\/wp-json\/wp\/v2\/pages\/3\/revisions"}],"predecessor-version":[{"id":381670,"href":"https:\/\/modopew.com\/de\/wp-json\/wp\/v2\/pages\/3\/revisions\/381670"}],"wp:attachment":[{"href":"https:\/\/modopew.com\/de\/wp-json\/wp\/v2\/media?parent=3"}],"curies":[{"name":"wp","href":"https:\/\/api.w.org\/{rel}","templated":true}]}}