{"id":2,"date":"2025-06-21T04:03:44","date_gmt":"2025-06-21T04:03:44","guid":{"rendered":"https:\/\/modopew.com\/de\/?page_id=2"},"modified":"2026-03-04T18:25:21","modified_gmt":"2026-03-05T02:25:21","slug":"shipping-policy","status":"publish","type":"page","link":"https:\/\/modopew.com\/de\/shipping-policy\/","title":{"rendered":"Versandrichtlinien"},"content":{"rendered":"<p data-start=\"223\" data-end=\"257\"><strong data-start=\"223\" data-end=\"257\">Letzte Aktualisierung: 8. Januar 2025<\/strong><\/p>\n<p data-start=\"259\" data-end=\"539\">Wir bei\u00a0<strong data-start=\"262\" data-end=\"273\">Modopew<\/strong>\u00a0legen Wert auf ein transparentes und effizientes Einkaufserlebnis. Diese Richtlinie enth\u00e4lt detaillierte Informationen zu unserem Versandprozess, den Kosten und den Lieferzeiten. Bitte lesen Sie sie sorgf\u00e4ltig durch, um zu verstehen, wie wir Ihre Bestellung bearbeiten und ausliefern.<\/p>\n<h2 data-start=\"546\" data-end=\"567\">1. Versandbereich<\/h2>\n<p data-start=\"569\" data-end=\"637\">Aktuell liefern wir nur an Adressen innerhalb der <strong>Vereinigte Staaten, Deutschland, Vereinigtes K\u00f6nigreich<\/strong>.<\/p>\n<p data-start=\"639\" data-end=\"671\">Wir versenden nicht nach:<\/p>\n<ul data-start=\"672\" data-end=\"777\">\n<li data-start=\"672\" data-end=\"684\">\n<p data-start=\"674\" data-end=\"684\">Postf\u00e4cher<\/p>\n<\/li>\n<li data-start=\"685\" data-end=\"721\">\n<p data-start=\"687\" data-end=\"721\">Milit\u00e4radressen (APO\/FPO\/DPO)<\/p>\n<\/li>\n<li data-start=\"722\" data-end=\"777\">\n<p data-start=\"724\" data-end=\"777\">US-\u00dcberseegebiete (z. B. Puerto Rico, Guam)<\/p>\n<\/li>\n<\/ul>\n<h2 data-start=\"784\" data-end=\"806\">2. Versandkosten<\/h2>\n<p data-start=\"808\" data-end=\"857\">Wir gestalten unsere Versandkosten transparent und angemessen:<\/p>\n<ul data-start=\"859\" data-end=\"980\">\n<li data-start=\"859\" data-end=\"912\">\n<p data-start=\"861\" data-end=\"912\"><strong data-start=\"861\" data-end=\"887\">Standardversandkosten:<\/strong>\u00a0Pauschalbetrag von\u00a0<strong data-start=\"901\" data-end=\"910\">80 $<\/strong><\/p>\n<\/li>\n<li data-start=\"913\" data-end=\"980\">\n<p data-start=\"915\" data-end=\"980\"><strong data-start=\"915\" data-end=\"933\">Kostenloser Versand:<\/strong>\u00a0Verf\u00fcgbar f\u00fcr alle US-Bestellungen \u00fcber\u00a0<strong data-start=\"968\" data-end=\"978\">1800 $.<\/strong><\/p>\n<\/li>\n<\/ul>\n<p data-start=\"982\" data-end=\"1080\">Alle Kosten werden automatisch berechnet und Ihnen im Warenkorb angezeigt, bevor Sie Ihre Bestellung abschlie\u00dfen.<\/p>\n<h2 data-start=\"1087\" data-end=\"1121\">3. Bearbeitungszeit &amp; Lieferung<\/h2>\n<p data-start=\"1123\" data-end=\"1170\">Wir unterteilen den Zeitablauf in zwei klare Phasen:<\/p>\n<ul data-start=\"1172\" data-end=\"1535\">\n<li data-start=\"1172\" data-end=\"1262\">\n<p data-start=\"1174\" data-end=\"1262\"><strong data-start=\"1174\" data-end=\"1194\">Bearbeitungszeit:<\/strong> 5\u20137 Werktage (Montag\u2013Freitag, ausgenommen US-amerikanische Feiertage)<\/p>\n<\/li>\n<li data-start=\"1263\" data-end=\"1350\">\n<p data-start=\"1265\" data-end=\"1350\"><strong data-start=\"1265\" data-end=\"1282\">Lieferzeit:<\/strong> 15\u201317 Werktage (Montag\u2013Freitag, ausgenommen US-amerikanische Feiertage)<\/p>\n<\/li>\n<li data-start=\"1351\" data-end=\"1535\">\n<p data-start=\"1353\" data-end=\"1535\"><strong data-start=\"1353\" data-end=\"1376\">Bestellschluss:<\/strong>\u00a0Bestellungen, die bis\u00a0<strong data-start=\"1394\" data-end=\"1409\">14:00 Uhr CST<\/strong>\u00a0eingehen , werden noch am selben Werktag bearbeitet. Bestellungen, die nach diesem Zeitpunkt eingehen, werden am folgenden Werktag bearbeitet.<\/p>\n<\/li>\n<\/ul>\n<p data-start=\"1537\" data-end=\"1637\">Bei diesem Zeitplan erhalten die meisten Kunden ihre Regale innerhalb von\u00a0<strong data-start=\"1601\" data-end=\"1614\">1\u20133 Wochen<\/strong>\u00a0nach der Bestellung.<\/p>\n<h2 data-start=\"2119\" data-end=\"2143\">5. Verfolgen Sie Ihre Bestellung<\/h2>\n<p data-start=\"2145\" data-end=\"2229\">Sobald Ihre Bestellung versandt wurde, erhalten Sie eine\u00a0<strong data-start=\"2193\" data-end=\"2215\">Best\u00e4tigungs-E-Mail<\/strong>\u00a0mit folgendem Inhalt:<\/p>\n<ul data-start=\"2230\" data-end=\"2326\">\n<li data-start=\"2230\" data-end=\"2255\">\n<p data-start=\"2232\" data-end=\"2255\">Eine\u00a0<strong data-start=\"2234\" data-end=\"2253\">Sendungsnummer<\/strong><\/p>\n<\/li>\n<li data-start=\"2256\" data-end=\"2326\">\n<p data-start=\"2258\" data-end=\"2326\">Ein\u00a0<strong data-start=\"2260\" data-end=\"2275\">direkter Link<\/strong>\u00a0zur Website des Versanddienstleisters, um Ihre Lieferung zu verfolgen.<\/p>\n<\/li>\n<\/ul>\n<p data-start=\"2328\" data-end=\"2414\">Bitte rechnen Sie mit\u00a0<strong data-start=\"2341\" data-end=\"2356\">24\u201348 Stunden<\/strong>\u00a0, bis Aktualisierungen der Sendungsverfolgung im System des Versanddienstleisters angezeigt werden.<\/p>\n<h2 data-start=\"2421\" data-end=\"2450\">6. Besch\u00e4digte oder verlorene Waren<\/h2>\n<p data-start=\"2452\" data-end=\"2518\"><strong data-start=\"2452\" data-end=\"2481\">a. Transportsch\u00e4den<\/strong><br data-start=\"2481\" data-end=\"2484\" \/>Falls Ihr Produkt besch\u00e4digt ankommt:<\/p>\n<ul data-start=\"2519\" data-end=\"2654\">\n<li data-start=\"2519\" data-end=\"2565\">\n<p data-start=\"2521\" data-end=\"2565\">Bitte kontaktieren Sie uns innerhalb von\u00a0<strong data-start=\"2539\" data-end=\"2551\">72 Stunden<\/strong>\u00a0nach Lieferung.<\/p>\n<\/li>\n<li data-start=\"2566\" data-end=\"2654\">\n<p data-start=\"2568\" data-end=\"2654\">Bitte geben Sie Ihre Bestellnummer an und senden Sie deutliche Fotos\/Videos des besch\u00e4digten Regals und der Verpackung.<\/p>\n<\/li>\n<\/ul>\n<p data-start=\"2656\" data-end=\"2750\">Wir werden Ihre Anfrage pr\u00fcfen und Ihnen eine L\u00f6sung anbieten, beispielsweise einen\u00a0<strong data-start=\"2718\" data-end=\"2733\">Ersatz<\/strong>\u00a0oder\u00a0<strong data-start=\"2737\" data-end=\"2747\">eine R\u00fcckerstattung<\/strong>\u00a0.<\/p>\n<p data-start=\"2752\" data-end=\"3038\"><strong data-start=\"2752\" data-end=\"2772\">b. Verlorene Pakete: Sollte Ihre Bestellung nach\u00a0<\/strong><strong data-start=\"2811\" data-end=\"2831\">14 Werktagen<\/strong><br data-start=\"2772\" data-end=\"2775\" \/>noch nicht eingetroffen sein\u00a0und die Sendungsverfolgung\u00a0<strong data-start=\"2865\" data-end=\"2887\">7 Tage lang<\/strong>\u00a0nicht aktualisiert worden sein , kontaktieren Sie uns bitte umgehend. Wir werden den Fall gemeinsam mit dem Versanddienstleister untersuchen. Falls sich der Verlust des Pakets best\u00e4tigt, senden wir Ihnen Ihre Bestellung erneut zu oder erstatten Ihnen den Kaufpreis.<\/p>\n<h2 data-start=\"3045\" data-end=\"3068\">7. Eine Bestellung stornieren<\/h2>\n<p data-start=\"3070\" data-end=\"3237\">Sie k\u00f6nnen eine Stornierung beantragen, solange Ihre Bestellung noch nicht bearbeitet oder versandt wurde. Da wir Bestellungen schnell bearbeiten, kontaktieren Sie uns bitte innerhalb von\u00a0<strong data-start=\"3210\" data-end=\"3222\">24 Stunden<\/strong>\u00a0nach dem Kauf.<\/p>\n<p data-start=\"3239\" data-end=\"3423\">Sobald die Bestellung an den Versanddienstleister \u00fcbergeben wurde (Sendungsnummer wurde vergeben), ist eine Stornierung nicht mehr m\u00f6glich. In diesem Fall k\u00f6nnen Sie unsere\u00a0<strong data-start=\"3394\" data-end=\"3420\">R\u00fcckgabe- und Erstattungsrichtlinien<\/strong>\u00a0einsehen .<\/p>\n<h2 data-start=\"3430\" data-end=\"3463\">8. R\u00fcckerstattungs- und R\u00fcckgabebestimmungen<\/h2>\n<p data-start=\"3465\" data-end=\"3548\">Einzelheiten zur R\u00fccksendung eines Artikels finden Sie auf unserer Seite\u00a0<strong data-start=\"3514\" data-end=\"3540\">\u201eR\u00fcckgabe- und Erstattungsrichtlinien\u201c<\/strong>\u00a0.<\/p>\n<h2 data-start=\"3555\" data-end=\"3584\">9. Fragen oder Unterst\u00fctzung?<\/h2>\n<p data-start=\"3586\" data-end=\"3660\">Bei Fragen zum Versand oder wenn Sie Hilfe bei Ihrer Bestellung ben\u00f6tigen, kontaktieren Sie uns bitte:<\/p>\n<ul data-start=\"3662\" data-end=\"3833\">\n<li data-start=\"3662\" data-end=\"3712\">\n<p data-start=\"3664\" data-end=\"3712\"><strong data-start=\"3664\" data-end=\"3676\">Adresse:<\/strong>\u00a02118 Fannin St, Abilene, TX 79603<\/p>\n<\/li>\n<li data-start=\"3713\" data-end=\"3747\">\n<p data-start=\"3715\" data-end=\"3747\"><strong data-start=\"3715\" data-end=\"3725\">E-Mail:<\/strong>\u00a0support@modopew.com<\/p>\n<\/li>\n<li data-start=\"3748\" data-end=\"3780\">\n<p data-start=\"3750\" data-end=\"3780\"><strong data-start=\"3750\" data-end=\"3760\">Telefon:<\/strong>\u00a0+1 (325) 982-5851<\/p>\n<\/li>\n<li data-start=\"3781\" data-end=\"3833\">\n<p data-start=\"3783\" data-end=\"3833\"><strong data-start=\"3783\" data-end=\"3800\">Supportzeiten:<\/strong>\u00a0Mo.\u2013So.: 8:00\u201317:00 Uhr CST<\/p>\n<\/li>\n<\/ul>\n<p data-start=\"3835\" data-end=\"3891\">Unser Kundenservice-Team steht Ihnen jederzeit gerne zur Verf\u00fcgung.<\/p>\n","protected":false},"excerpt":{"rendered":"<p>Letzte Aktualisierung: 8. Januar 2025 Wir bei\u00a0Modopew\u00a0legen Wert auf ein transparentes und effizientes Einkaufserlebnis. Diese Richtlinie enth\u00e4lt detaillierte Informationen zu unserem Versandprozess, den Kosten und den Lieferzeiten. Bitte lesen Sie sie sorgf\u00e4ltig durch, um zu verstehen, wie wir Ihre Bestellung bearbeiten und ausliefern. 1. Versandbereich Aktuell liefern wir nur an Adressen innerhalb der Vereinigte Staaten, [&#8230;]\n","protected":false},"author":1,"featured_media":0,"parent":0,"menu_order":0,"comment_status":"closed","ping_status":"closed","template":"","meta":{"footnotes":""},"class_list":["post-2","page","type-page","status-publish","hentry"],"_links":{"self":[{"href":"https:\/\/modopew.com\/de\/wp-json\/wp\/v2\/pages\/2","targetHints":{"allow":["GET"]}}],"collection":[{"href":"https:\/\/modopew.com\/de\/wp-json\/wp\/v2\/pages"}],"about":[{"href":"https:\/\/modopew.com\/de\/wp-json\/wp\/v2\/types\/page"}],"author":[{"embeddable":true,"href":"https:\/\/modopew.com\/de\/wp-json\/wp\/v2\/users\/1"}],"replies":[{"embeddable":true,"href":"https:\/\/modopew.com\/de\/wp-json\/wp\/v2\/comments?post=2"}],"version-history":[{"count":44,"href":"https:\/\/modopew.com\/de\/wp-json\/wp\/v2\/pages\/2\/revisions"}],"predecessor-version":[{"id":563133,"href":"https:\/\/modopew.com\/de\/wp-json\/wp\/v2\/pages\/2\/revisions\/563133"}],"wp:attachment":[{"href":"https:\/\/modopew.com\/de\/wp-json\/wp\/v2\/media?parent=2"}],"curies":[{"name":"wp","href":"https:\/\/api.w.org\/{rel}","templated":true}]}}