{"id":1900,"date":"2020-11-18T02:57:28","date_gmt":"2020-11-18T02:57:28","guid":{"rendered":"https:\/\/nyture20.novaworks.net\/?page_id=1900"},"modified":"2026-03-13T00:00:06","modified_gmt":"2026-03-13T08:00:06","slug":"home-03","status":"publish","type":"page","link":"https:\/\/modopew.com\/de\/","title":{"rendered":"Heim"},"content":{"rendered":"\n<div class=\"row row-collapse row-full-width\"  id=\"row-2044249438\">\n\n\n\t<div id=\"col-1521625061\" class=\"col medium-6 large-6\"  >\n\t\t\t\t<div class=\"col-inner\"  >\n\t\t\t\n\t\t\t\n\n\t<div class=\"img has-hover x md-x lg-x y md-y lg-y\" id=\"image_606717246\">\n\t\t<a class=\"\" href=\"https:\/\/modopew.com\/us\/about-us\/\" >\t\t\t\t\t\t<div class=\"img-inner dark\" >\n\t\t\t<img loading=\"lazy\" decoding=\"async\" width=\"1020\" height=\"1020\" src=\"https:\/\/modopew.com\/de\/wp-content\/uploads\/2026\/03\/ANH19101525111-1.webp\" class=\"attachment-large size-large\" alt=\"\" srcset=\"https:\/\/modopew.com\/de\/wp-content\/uploads\/2026\/03\/ANH19101525111-1.webp 1024w, https:\/\/modopew.com\/de\/wp-content\/uploads\/2026\/03\/ANH19101525111-1-60x60.webp 60w, https:\/\/modopew.com\/de\/wp-content\/uploads\/2026\/03\/ANH19101525111-1-110x110.webp 110w, https:\/\/modopew.com\/de\/wp-content\/uploads\/2026\/03\/ANH19101525111-1-50x50.webp 50w, https:\/\/modopew.com\/de\/wp-content\/uploads\/2026\/03\/ANH19101525111-1-100x100.webp 100w\" sizes=\"auto, (max-width: 1020px) 100vw, 1020px\" \/>\t\t\t\t\t\t\n\t\t\t\t\t<\/div>\n\t\t\t\t\t\t<\/a>\t\t\n<style>\n#image_606717246 {\n  width: 100%;\n}\n<\/style>\n\t<\/div>\n\t\n\n\n\t\t<\/div>\n\t\t\t\t\t<\/div>\n\n\t\n\n\t<div id=\"col-527838897\" class=\"col medium-6 large-6\"  >\n\t\t\t\t<div class=\"col-inner\"  >\n\t\t\t\n\t\t\t\n\n\t<div class=\"img has-hover x md-x lg-x y md-y lg-y\" id=\"image_18900858\">\n\t\t<a class=\"\" href=\"https:\/\/modopew.com\/us\/about-us\/\" >\t\t\t\t\t\t<div class=\"img-inner dark\" >\n\t\t\t<img loading=\"lazy\" decoding=\"async\" width=\"1020\" height=\"1020\" src=\"https:\/\/modopew.com\/de\/wp-content\/uploads\/2026\/03\/ANH19101525107-1.webp\" class=\"attachment-large size-large\" alt=\"\" srcset=\"https:\/\/modopew.com\/de\/wp-content\/uploads\/2026\/03\/ANH19101525107-1.webp 1024w, https:\/\/modopew.com\/de\/wp-content\/uploads\/2026\/03\/ANH19101525107-1-60x60.webp 60w, https:\/\/modopew.com\/de\/wp-content\/uploads\/2026\/03\/ANH19101525107-1-110x110.webp 110w, https:\/\/modopew.com\/de\/wp-content\/uploads\/2026\/03\/ANH19101525107-1-50x50.webp 50w, https:\/\/modopew.com\/de\/wp-content\/uploads\/2026\/03\/ANH19101525107-1-100x100.webp 100w\" sizes=\"auto, (max-width: 1020px) 100vw, 1020px\" \/>\t\t\t\t\t\t\n\t\t\t\t\t<\/div>\n\t\t\t\t\t\t<\/a>\t\t\n<style>\n#image_18900858 {\n  width: 100%;\n}\n<\/style>\n\t<\/div>\n\t\n\n\n\t\t<\/div>\n\t\t\t\t\t<\/div>\n\n\t\n\n<\/div>\n\t<div id=\"gap-1674747974\" class=\"gap-element clearfix\" style=\"display:block; height:auto;\">\n\t\t\n<style>\n#gap-1674747974 {\n  padding-top: 69px;\n}\n<\/style>\n\t<\/div>\n\t\n\n<div class=\"row\"  id=\"row-2073371422\">\n\n\n\t<div id=\"col-645346555\" class=\"col medium-6 small-12 large-6\"  >\n\t\t\t\t<div class=\"col-inner\"  >\n\t\t\t\n\t\t\t\n\n\t<div class=\"img has-hover x md-x lg-x y md-y lg-y\" id=\"image_1584724915\">\n\t\t<a class=\"\" href=\"https:\/\/modopew.com\/us\/about-us\/\" >\t\t\t\t\t\t<div class=\"img-inner dark\" >\n\t\t\t<img loading=\"lazy\" decoding=\"async\" width=\"1020\" height=\"1020\" src=\"https:\/\/modopew.com\/de\/wp-content\/uploads\/2026\/03\/MTH05071025252-3.webp\" class=\"attachment-large size-large\" alt=\"\" srcset=\"https:\/\/modopew.com\/de\/wp-content\/uploads\/2026\/03\/MTH05071025252-3.webp 2000w, https:\/\/modopew.com\/de\/wp-content\/uploads\/2026\/03\/MTH05071025252-3-60x60.webp 60w, https:\/\/modopew.com\/de\/wp-content\/uploads\/2026\/03\/MTH05071025252-3-110x110.webp 110w, https:\/\/modopew.com\/de\/wp-content\/uploads\/2026\/03\/MTH05071025252-3-50x50.webp 50w, https:\/\/modopew.com\/de\/wp-content\/uploads\/2026\/03\/MTH05071025252-3-100x100.webp 100w\" sizes=\"auto, (max-width: 1020px) 100vw, 1020px\" \/>\t\t\t\t\t\t\n\t\t\t\t\t<\/div>\n\t\t\t\t\t\t<\/a>\t\t\n<style>\n#image_1584724915 {\n  width: 100%;\n}\n<\/style>\n\t<\/div>\n\t\n\n\n\t\t<\/div>\n\t\t\t\t\t<\/div>\n\n\t\n\n\t<div id=\"col-1709302277\" class=\"col medium-6 small-12 large-6\"  >\n\t\t\t\t<div class=\"col-inner\"  >\n\t\t\t\n\t\t\t\n\n<div class=\"elementor-element elementor-element-f56360f elementor-widget elementor-widget-heading\" data-id=\"f56360f\" data-element_type=\"widget\" data-widget_type=\"heading.default\">\n<div class=\"elementor-widget-container\">\n<h3 class=\"elementor-heading-title elementor-size-default\">Die Kunst des Handwerks<\/h3>\n<\/div>\n<\/div>\n<div class=\"elementor-element elementor-element-25bf485 elementor-widget elementor-widget-heading\" data-id=\"25bf485\" data-element_type=\"widget\" data-widget_type=\"heading.default\">\n<div class=\"elementor-widget-container\">Bei Modopew ist ein B\u00fccherregal mehr als nur ein Aufbewahrungsort \u2013 es ist ein lebendiges Kunstwerk. Inspiriert von der Natur und von erfahrenen H\u00e4nden gefertigt, vereint jedes Design Sch\u00f6nheit und Funktion und verwandelt allt\u00e4gliche R\u00e4ume in Orte der Kreativit\u00e4t und Gem\u00fctlichkeit. Modopew wurde 2024 in Texas gegr\u00fcndet und setzt auf den Direktvertrieb an seine Kunden, um faire Preise, langlebige Qualit\u00e4t und M\u00f6bel zu gew\u00e4hrleisten, die modernes Wohnen inspirieren.<\/div>\n<\/div>\n\n\t\t<\/div>\n\t\t\t\t\t<\/div>\n\n\t\n\n<\/div>\n\n","protected":false},"excerpt":{"rendered":"","protected":false},"author":1,"featured_media":0,"parent":0,"menu_order":0,"comment_status":"closed","ping_status":"closed","template":"","meta":{"footnotes":""},"class_list":["post-1900","page","type-page","status-publish","hentry"],"_links":{"self":[{"href":"https:\/\/modopew.com\/de\/wp-json\/wp\/v2\/pages\/1900","targetHints":{"allow":["GET"]}}],"collection":[{"href":"https:\/\/modopew.com\/de\/wp-json\/wp\/v2\/pages"}],"about":[{"href":"https:\/\/modopew.com\/de\/wp-json\/wp\/v2\/types\/page"}],"author":[{"embeddable":true,"href":"https:\/\/modopew.com\/de\/wp-json\/wp\/v2\/users\/1"}],"replies":[{"embeddable":true,"href":"https:\/\/modopew.com\/de\/wp-json\/wp\/v2\/comments?post=1900"}],"version-history":[{"count":25,"href":"https:\/\/modopew.com\/de\/wp-json\/wp\/v2\/pages\/1900\/revisions"}],"predecessor-version":[{"id":566593,"href":"https:\/\/modopew.com\/de\/wp-json\/wp\/v2\/pages\/1900\/revisions\/566593"}],"wp:attachment":[{"href":"https:\/\/modopew.com\/de\/wp-json\/wp\/v2\/media?parent=1900"}],"curies":[{"name":"wp","href":"https:\/\/api.w.org\/{rel}","templated":true}]}}